{"id":990693,"date":"2023-03-16T13:53:41","date_gmt":"2023-03-16T10:53:41","guid":{"rendered":"https:\/\/advizeum.com\/privacy-policy\/"},"modified":"2024-12-26T18:44:03","modified_gmt":"2024-12-26T15:44:03","slug":"chinh-sach-bao-mat","status":"publish","type":"page","link":"https:\/\/advizeum.com\/vi\/chinh-sach-bao-mat\/","title":{"rendered":"Ch\u00ednh s\u00e1ch b\u1ea3o m\u1eadt"},"content":{"rendered":"\t\t<div data-elementor-type=\"wp-page\" data-elementor-id=\"990693\" class=\"elementor elementor-990693 elementor-1648\" data-elementor-post-type=\"page\">\n\t\t\t\t\t\t<section class=\"elementor-section elementor-top-section elementor-element elementor-element-6c5644c elementor-section-boxed elementor-section-height-default elementor-section-height-default\" data-id=\"6c5644c\" data-element_type=\"section\" data-e-type=\"section\">\n\t\t\t\t\t\t<div class=\"elementor-container elementor-column-gap-default\">\n\t\t\t\t\t<div class=\"elementor-column elementor-col-100 elementor-top-column elementor-element elementor-element-759c98e\" data-id=\"759c98e\" data-element_type=\"column\" data-e-type=\"column\">\n\t\t\t<div class=\"elementor-widget-wrap elementor-element-populated\">\n\t\t\t\t\t\t<div class=\"elementor-element elementor-element-9af75f0 animated-slow elementor-invisible elementor-widget elementor-widget-heading\" data-id=\"9af75f0\" data-element_type=\"widget\" data-e-type=\"widget\" data-settings=\"{&quot;_animation&quot;:&quot;fadeIn&quot;,&quot;_animation_tablet&quot;:&quot;none&quot;}\" data-widget_type=\"heading.default\">\n\t\t\t\t<div class=\"elementor-widget-container\">\n\t\t\t\t\t<h1 class=\"elementor-heading-title elementor-size-default\">Ch\u00ednh s\u00e1ch b\u1ea3o m\u1eadt\n<\/h1>\t\t\t\t<\/div>\n\t\t\t\t<\/div>\n\t\t\t\t<div class=\"elementor-element elementor-element-88a728c animated-slow elementor-invisible elementor-widget elementor-widget-heading\" data-id=\"88a728c\" data-element_type=\"widget\" data-e-type=\"widget\" data-settings=\"{&quot;_animation&quot;:&quot;fadeIn&quot;,&quot;_animation_tablet&quot;:&quot;none&quot;,&quot;_animation_delay&quot;:300}\" data-widget_type=\"heading.default\">\n\t\t\t\t<div class=\"elementor-widget-container\">\n\t\t\t\t\t<p class=\"elementor-heading-title elementor-size-default\">cho Advizeum Lifesciences Limited\n<\/p>\t\t\t\t<\/div>\n\t\t\t\t<\/div>\n\t\t\t\t<div class=\"elementor-element elementor-element-31a03c4 elementor-widget elementor-widget-spacer\" data-id=\"31a03c4\" data-element_type=\"widget\" data-e-type=\"widget\" data-widget_type=\"spacer.default\">\n\t\t\t\t<div class=\"elementor-widget-container\">\n\t\t\t\t\t\t\t<div class=\"elementor-spacer\">\n\t\t\t<div class=\"elementor-spacer-inner\"><\/div>\n\t\t<\/div>\n\t\t\t\t\t\t<\/div>\n\t\t\t\t<\/div>\n\t\t\t\t\t<\/div>\n\t\t<\/div>\n\t\t\t\t\t<\/div>\n\t\t<\/section>\n\t\t<div class=\"elementor-element elementor-element-3c1e8cf e-flex e-con-boxed e-con e-parent\" data-id=\"3c1e8cf\" data-element_type=\"container\" data-e-type=\"container\">\n\t\t\t\t\t<div class=\"e-con-inner\">\n\t\t\t\t<div class=\"elementor-element elementor-element-372db28 elementor-widget elementor-widget-html\" data-id=\"372db28\" data-element_type=\"widget\" data-e-type=\"widget\" data-widget_type=\"html.default\">\n\t\t\t\t<div class=\"elementor-widget-container\">\n\t\t\t\t\t<p><strong>Ng\u00e0y c\u00f3 hi\u1ec7u l\u1ef1c:<\/strong> 5 th\u00e1ng 12 n\u0103m 2024\n <br>\n<strong>C\u1eadp nh\u1eadt l\u1ea7n cu\u1ed1i:<\/strong> 5 th\u00e1ng 12 n\u0103m 2024\n<\/p>\n<p>\n   Ch\u00ednh s\u00e1ch b\u1ea3o m\u1eadt n\u00e0y \u00e1p d\u1ee5ng cho trang web ch\u00ednh th\u1ee9c c\u1ee7a c\u00f4ng ty Advizeum Lifesciences Limited (c\u00f3 th\u1ec3 truy c\u1eadp t\u1ea1i  <a href=\"https:\/\/www.advizeum.com\" target=\"_blank\" rel=\"noopener noreferrer nofollow\">www.advizeum.com<\/a>). \nCh\u00ednh s\u00e1ch n\u00e0y n\u00eau r\u00f5 c\u00e1ch ch\u00fang t\u00f4i thu th\u1eadp, s\u1eed d\u1ee5ng, chia s\u1ebb v\u00e0 b\u1ea3o v\u1ec7 d\u1eef li\u1ec7u c\u00e1 nh\u00e2n c\u1ee7a b\u1ea1n khi b\u1ea1n s\u1eed d\u1ee5ng trang web ho\u1eb7c d\u1ecbch v\u1ee5 c\u1ee7a ch\u00fang t\u00f4i.\n\n<\/p>\n<h2>1. Gi\u1edbi thi\u1ec7u\n<\/h2>\n<p>\nAdvizeum Lifesciences Limited (\u201cch\u00fang t\u00f4i\u201d, ho\u1eb7c \u201cc\u1ee7a ch\u00fang t\u00f4i\u201d) cam k\u1ebft b\u1ea3o v\u1ec7 quy\u1ec1n ri\u00eang t\u01b0 c\u1ee7a b\u1ea1n. Ch\u00ednh s\u00e1ch quy\u1ec1n ri\u00eang t\u01b0 n\u00e0y gi\u1ea3i th\u00edch c\u00e1ch ch\u00fang t\u00f4i thu th\u1eadp, s\u1eed d\u1ee5ng, chia s\u1ebb v\u00e0 b\u1ea3o v\u1ec7 d\u1eef li\u1ec7u c\u00e1 nh\u00e2n c\u1ee7a b\u1ea1n khi b\u1ea1n s\u1eed d\u1ee5ng trang web ho\u1eb7c d\u1ecbch v\u1ee5 c\u1ee7a ch\u00fang t\u00f4i.\n\n<\/p>\n<p>\n  B\u1eb1ng c\u00e1ch s\u1eed d\u1ee5ng trang web c\u1ee7a ch\u00fang t\u00f4i ho\u1eb7c s\u1eed d\u1ee5ng c\u00e1c d\u1ecbch v\u1ee5 c\u1ee7a ch\u00fang t\u00f4i, b\u1ea1n \u0111\u1ed3ng \u00fd v\u1edbi c\u00e1c ho\u1ea1t \u0111\u1ed9ng \u0111\u01b0\u1ee3c m\u00f4 t\u1ea3 trong ch\u00ednh s\u00e1ch n\u00e0y.\n\n<\/p>\n<h2>2. D\u1eef li\u1ec7u ch\u00fang t\u00f4i thu th\u1eadp\n<\/h2>\n<p>Ch\u00fang t\u00f4i c\u00f3 th\u1ec3 thu th\u1eadp c\u00e1c lo\u1ea1i d\u1eef li\u1ec7u sau:\n<\/p>\n<ul>\n    <li><strong>Th\u00f4ng tin c\u00e1 nh\u00e2n:<\/strong> T\u00ean, \u0111\u1ecba ch\u1ec9 email, s\u1ed1 \u0111i\u1ec7n tho\u1ea1i, th\u00f4ng tin chi ti\u1ebft v\u1ec1 c\u00f4ng ty v\u00e0 b\u1ea5t k\u1ef3 th\u00f4ng tin n\u00e0o kh\u00e1c m\u00e0 b\u1ea1n cung c\u1ea5p qua bi\u1ec3u m\u1eabu li\u00ean h\u1ec7 ho\u1eb7c y\u00eau c\u1ea7u.\n\n    <\/li>\n    <li><strong>D\u1eef li\u1ec7u s\u1eed d\u1ee5ng:<\/strong> Th\u00f4ng tin v\u1ec1 c\u00e1ch b\u1ea1n t\u01b0\u01a1ng t\u00e1c v\u1edbi trang web c\u1ee7a ch\u00fang t\u00f4i, ch\u1eb3ng h\u1ea1n nh\u01b0 \u0111\u1ecba ch\u1ec9 IP, lo\u1ea1i tr\u00ecnh duy\u1ec7t, c\u00e1c trang \u0111\u00e3 xem v\u00e0 th\u1eddi gian d\u00e0nh cho c\u00e1c trang.\n\n    <\/li>\n    <li><strong>Cookies:<\/strong> Th\u00f4ng tin \u0111\u01b0\u1ee3c thu th\u1eadp qua cookie \u0111\u1ec3 n\u00e2ng cao tr\u1ea3i nghi\u1ec7m duy\u1ec7t web c\u1ee7a b\u1ea1n. Xem Ch\u00ednh s\u00e1ch Cookie c\u1ee7a ch\u00fang t\u00f4i \u0111\u1ec3 bi\u1ebft th\u00eam chi ti\u1ebft.\n\n    <\/li>\n<\/ul>\n<h2>3. M\u1ee5c \u0111\u00edch v\u00e0 C\u01a1 s\u1edf ph\u00e1p l\u00fd \u0111\u1ec3 X\u1eed l\u00fd th\u00f4ng tin\n<\/h2>\n<p>Ch\u00fang t\u00f4i thu th\u1eadp v\u00e0 x\u1eed l\u00fd d\u1eef li\u1ec7u c\u00e1 nh\u00e2n cho c\u00e1c m\u1ee5c \u0111\u00edch sau:\n<\/p>\n<ul>\n    <li><strong>Cung c\u1ea5p D\u1ecbch v\u1ee5:<\/strong> \u0110\u1ec3 cung c\u1ea5p c\u00e1c d\u1ecbch v\u1ee5 t\u01b0 v\u1ea5n c\u1ee7a ch\u00fang t\u00f4i v\u00e0 th\u1ef1c hi\u1ec7n c\u00e1c ngh\u0129a v\u1ee5 theo h\u1ee3p \u0111\u1ed3ng.\n\n    <\/li>\n    <li><strong>Giao ti\u1ebfp:<\/strong> \u0110\u1ec3 tr\u1ea3 l\u1eddi c\u00e1c c\u00e2u h\u1ecfi t\u1eeb kh\u00e1ch truy c\u1eadp, kh\u00e1ch h\u00e0ng ho\u1eb7c c\u00e1c b\u00ean kh\u00e1c c\u00f3 l\u00fd do ph\u00f9 h\u1ee3p \u0111\u1ec3 li\u00ean h\u1ec7 v\u1edbi ch\u00fang t\u00f4i v\u1ec1 c\u00e1c d\u1ecbch v\u1ee5 c\u1ee7a ch\u00fang t\u00f4i (l\u1ee3i \u00edch h\u1ee3p ph\u00e1p).\n\n    <\/li>\n    <li><strong>C\u1eadp nh\u1eadt, Tin t\u1ee9c v\u00e0 Khuy\u1ebfn m\u1ea1i:<\/strong> Ch\u00fang t\u00f4i s\u1ebd ch\u1ec9 s\u1eed d\u1ee5ng th\u00f4ng tin li\u00ean h\u1ec7 c\u1ee7a b\u1ea1n \u0111\u1ec3 g\u1eedi c\u00e1c b\u1ea3n c\u1eadp nh\u1eadt, tin t\u1ee9c v\u00e0 th\u00f4ng tin khuy\u1ebfn m\u1ea1i n\u1ebfu v\u00e0 ch\u1ec9 khi b\u1ea1n \u0111\u00e3 \u0111\u1ed3ng \u00fd r\u00f5 r\u00e0ng v\u00e0 minh b\u1ea1ch. Nh\u1eefng kh\u00e1ch truy c\u1eadp ch\u1ecdn nh\u1eadn c\u00e1c b\u1ea3n c\u1eadp nh\u1eadt, tin t\u1ee9c v\u00e0 th\u00f4ng tin khuy\u1ebfn m\u1ea1i s\u1ebd ch\u1ec9 nh\u1eadn \u0111\u01b0\u1ee3c nh\u1eefng th\u00f4ng tin n\u00e0y tr\u1ef1c ti\u1ebfp t\u1eeb Advizeum Lifesciences Limited. Ch\u00fang t\u00f4i s\u1ebd kh\u00f4ng bao gi\u1edd chia s\u1ebb ho\u1eb7c b\u00e1n th\u00f4ng tin c\u00e1 nh\u00e2n c\u1ee7a b\u1ea1n cho b\u00ean th\u1ee9 ba cho c\u00e1c m\u1ee5c \u0111\u00edch n\u00e0y. B\u1ea1n c\u00f3 th\u1ec3 r\u00fat l\u1ea1i s\u1ef1 \u0111\u1ed3ng \u00fd c\u1ee7a m\u00ecnh b\u1ea5t k\u1ef3 l\u00fac n\u00e0o b\u1eb1ng c\u00e1ch li\u00ean h\u1ec7 v\u1edbi ch\u00fang t\u00f4i ho\u1eb7c nh\u1ea5p v\u00e0o li\u00ean k\u1ebft \"h\u1ee7y \u0111\u0103ng k\u00fd\" trong email c\u1ee7a ch\u00fang t\u00f4i.\n\n    <\/li>\n    <li><strong>Tu\u00e2n th\u1ee7 ph\u00e1p lu\u1eadt:<\/strong> \u0110\u1ec3 tu\u00e2n th\u1ee7 c\u00e1c ngh\u0129a v\u1ee5 ph\u00e1p l\u00fd, ch\u1eb3ng h\u1ea1n nh\u01b0 c\u00e1c y\u00eau c\u1ea7u v\u1ec1 thu\u1ebf ho\u1eb7c quy \u0111\u1ecbnh.\n\n    <\/li>\n<\/ul>\n<h2>4. Chia s\u1ebb d\u1eef li\u1ec7u v\u00e0 chuy\u1ec3n giao xuy\u00ean bi\u00ean gi\u1edbi\n<\/h2>\n<p>WCh\u00fang t\u00f4i c\u00f3 th\u1ec3 chia s\u1ebb d\u1eef li\u1ec7u c\u00e1 nh\u00e2n c\u1ee7a b\u1ea1n v\u1edbi:<\/p>\n<ul>\n    <li><strong>Nh\u00e0 cung c\u1ea5p d\u1ecbch v\u1ee5:<\/strong> Nh\u00e0 cung c\u1ea5p b\u00ean th\u1ee9 ba x\u1eed l\u00fd d\u1eef li\u1ec7u thay m\u1eb7t ch\u00fang t\u00f4i (v\u00ed d\u1ee5: l\u01b0u tr\u1eef CNTT, ph\u00e2n t\u00edch, ti\u1ebfp th\u1ecb).\n\n    <\/li>\n    <li><strong>C\u01a1 quan ph\u00e1p l\u00fd:<\/strong> Khi \u0111\u01b0\u1ee3c y\u00eau c\u1ea7u tu\u00e2n th\u1ee7 c\u00e1c ngh\u0129a v\u1ee5 ph\u00e1p l\u00fd.\n\n    <\/li>\n<\/ul>\n<p>\nV\u00ec ch\u00fang t\u00f4i ho\u1ea1t \u0111\u1ed9ng tr\u00ean to\u00e0n c\u1ea7u, d\u1eef li\u1ec7u c\u00e1 nh\u00e2n c\u1ee7a b\u1ea1n c\u00f3 th\u1ec3 \u0111\u01b0\u1ee3c chuy\u1ec3n ra ngo\u00e0i H\u1ed3ng K\u00f4ng ho\u1eb7c khu v\u1ef1c ph\u00e1p l\u00fd c\u1ee7a b\u1ea1n. Ch\u00fang t\u00f4i tri\u1ec3n khai c\u00e1c bi\u1ec7n ph\u00e1p b\u1ea3o v\u1ec7, ch\u1eb3ng h\u1ea1n nh\u01b0 \u0110i\u1ec1u kho\u1ea3n h\u1ee3p \u0111\u1ed3ng ti\u00eau chu\u1ea9n (SCC), \u0111\u1ec3 \u0111\u1ea3m b\u1ea3o d\u1eef li\u1ec7u c\u1ee7a b\u1ea1n \u0111\u01b0\u1ee3c b\u1ea3o v\u1ec7 theo lu\u1eadt hi\u1ec7n h\u00e0nh, bao g\u1ed3m GDPR, PDPO v\u00e0 c\u00e1c quy \u0111\u1ecbnh li\u00ean quan kh\u00e1c.\n\n<\/p>\n<h2>5. Quy\u1ec1n c\u1ee7a b\u1ea1n\n<\/h2>\n<p>T\u00f9y thu\u1ed9c v\u00e0o khu v\u1ef1c ph\u00e1p l\u00fd c\u1ee7a b\u1ea1n, b\u1ea1n c\u00f3 th\u1ec3 c\u00f3 c\u00e1c quy\u1ec1n sau \u0111\u00e2y li\u00ean quan \u0111\u1ebfn d\u1eef li\u1ec7u c\u00e1 nh\u00e2n c\u1ee7a m\u00ecnh:\n<\/p>\n<ul>\n    <li><strong>Truy c\u1eadp v\u00e0 ch\u1ec9nh s\u1eeda:<\/strong>  Quy\u1ec1n truy c\u1eadp v\u00e0 c\u1eadp nh\u1eadt th\u00f4ng tin c\u00e1 nh\u00e2n c\u1ee7a b\u1ea1n (theo PDPO v\u00e0 GDPR).\n\n    <\/li>\n    <li><strong>Kh\u1ea3 n\u0103ng di chuy\u1ec3n, h\u1ea1n ch\u1ebf v\u00e0 x\u00f3a d\u1eef li\u1ec7u:<\/strong> C\u00e1c quy\u1ec1n b\u1ed5 sung \u0111\u01b0\u1ee3c cung c\u1ea5p theo GDPR.\n\n    <\/li>\n    <li><strong>R\u00fat l\u1ea1i s\u1ef1 \u0111\u1ed3ng \u00fd:<\/strong> Quy\u1ec1n r\u00fat l\u1ea1i s\u1ef1 \u0111\u1ed3ng \u00fd s\u1ebd \u0111\u01b0\u1ee3c x\u1eed l\u00fd d\u1ef1a tr\u00ean s\u1ef1 ch\u1ea5p thu\u1eadn r\u00fat l\u1ea1i s\u1ef1 \u0111\u1ed3ng \u00fd\n\n    <\/li>\n<\/ul>\n<p>\n   \u0110\u1ec3 th\u1ef1c hi\u1ec7n c\u00e1c quy\u1ec1n c\u1ee7a b\u1ea1n, vui l\u00f2ng li\u00ean h\u1ec7 v\u1edbi ch\u00fang t\u00f4i theo \u0111\u1ecba ch\u1ec9 <a href=\"mailto:info@advizeum.com\">info@advizeum.com<\/a>. \n Ch\u00fang t\u00f4i s\u1ebd ph\u1ea3n h\u1ed3i c\u00e1c y\u00eau c\u1ea7u trong khung th\u1eddi gian quy \u0111\u1ecbnh c\u1ee7a lu\u1eadt hi\u1ec7n h\u00e0nh.\n\n<\/p>\n<h2>6. B\u1ea3o m\u1eadt v\u00e0 l\u01b0u gi\u1eef d\u1eef li\u1ec7u\n<\/h2>\n<p>\nCh\u00fang t\u00f4i s\u1eed d\u1ee5ng c\u00e1c bi\u1ec7n ph\u00e1p k\u1ef9 thu\u1eadt ph\u00f9 h\u1ee3p \u0111\u1ec3 b\u1ea3o v\u1ec7 d\u1eef li\u1ec7u c\u00e1 nh\u00e2n c\u1ee7a b\u1ea1n kh\u1ecfi vi\u1ec7c truy c\u1eadp tr\u00e1i ph\u00e9p, m\u1ea5t m\u00e1t ho\u1eb7c s\u1eed d\u1ee5ng sai m\u1ee5c \u0111\u00edch. D\u1eef li\u1ec7u c\u00e1 nh\u00e2n ch\u1ec9 \u0111\u01b0\u1ee3c l\u01b0u gi\u1eef trong th\u1eddi gian c\u1ea7n thi\u1ebft cho c\u00e1c m\u1ee5c \u0111\u00edch \u0111\u01b0\u1ee3c n\u00eau trong ch\u00ednh s\u00e1ch n\u00e0y ho\u1eb7c theo y\u00eau c\u1ea7u c\u1ee7a ph\u00e1p lu\u1eadt.\n\n<\/p>\n<h2>7. Cookie v\u00e0 T\u00f9y ch\u1ecdn ti\u1ebfp th\u1ecb\n<\/h2>\n<p>\nCh\u00fang t\u00f4i s\u1eed d\u1ee5ng cookie \u0111\u1ec3 c\u1ea3i thi\u1ec7n tr\u1ea3i nghi\u1ec7m duy\u1ec7t web c\u1ee7a b\u1ea1n v\u00e0 ph\u00e2n t\u00edch hi\u1ec7u su\u1ea5t trang web. B\u1ea1n c\u00f3 th\u1ec3 qu\u1ea3n l\u00fd t\u00f9y ch\u1ecdn cookie c\u1ee7a m\u00ecnh th\u00f4ng qua c\u00e0i \u0111\u1eb7t tr\u00ecnh duy\u1ec7t. \u0110\u1ec3 bi\u1ebft th\u00eam chi ti\u1ebft, h\u00e3y xem Ch\u00ednh s\u00e1ch cookie c\u1ee7a ch\u00fang t\u00f4i.\n\n<\/p>\n<p>\n \u0110\u1ed1i v\u1edbi th\u00f4ng tin li\u00ean quan \u0111\u1ebfn ti\u1ebfp th\u1ecb, b\u1ea1n c\u00f3 th\u1ec3 ch\u1ecdn kh\u00f4ng tham gia b\u1ea5t k\u1ef3 l\u00fac n\u00e0o b\u1eb1ng c\u00e1ch nh\u1ea5p v\u00e0o \"h\u1ee7y \u0111\u0103ng k\u00fd\" trong email c\u1ee7a ch\u00fang t\u00f4i ho\u1eb7c li\u00ean h\u1ec7 tr\u1ef1c ti\u1ebfp v\u1edbi ch\u00fang t\u00f4i.\n\n<\/p>\n<h2>8. Thay \u0111\u1ed5i Ch\u00ednh s\u00e1ch n\u00e0y\n<\/h2>\n<p>\n  Ch\u00fang t\u00f4i c\u00f3 th\u1ec3 c\u1eadp nh\u1eadt Ch\u00ednh s\u00e1ch b\u1ea3o m\u1eadt n\u00e0y theo \u0111\u1ecbnh k\u1ef3 \u0111\u1ec3 ph\u1ea3n \u00e1nh nh\u1eefng thay \u0111\u1ed5i trong ho\u1ea1t \u0111\u1ed9ng ho\u1eb7c theo y\u00eau c\u1ea7u ph\u00e1p l\u00fd. Phi\u00ean b\u1ea3n m\u1edbi nh\u1ea5t s\u1ebd lu\u00f4n c\u00f3 s\u1eb5n tr\u00ean trang web c\u1ee7a ch\u00fang t\u00f4i v\u00e0 nh\u1eefng thay \u0111\u1ed5i quan tr\u1ecdng s\u1ebd \u0111\u01b0\u1ee3c th\u00f4ng b\u00e1o tr\u1ef1c ti\u1ebfp cho b\u1ea1n n\u1ebfu c\u1ea7n.\n\n<\/p>\n<h2>9. Th\u00f4ng tin li\u00ean h\u1ec7\n<\/h2>\n<p>N\u1ebfu c\u00f3 th\u1eafc m\u1eafc, lo ng\u1ea1i ho\u1eb7c \u0111\u1ec3 th\u1ef1c hi\u1ec7n c\u00e1c quy\u1ec1n c\u1ee7a b\u1ea1n theo Ch\u00ednh s\u00e1ch b\u1ea3o m\u1eadt n\u00e0y, vui l\u00f2ng li\u00ean h\u1ec7 v\u1edbi ch\u00fang t\u00f4i theo \u0111\u1ecba ch\u1ec9:\n<\/p>\n<address>\n    Advizeum Lifesciences Limited<br>\n   Ph\u00f2ng 2A, T\u1ea7ng 17, T\u00f2a nh\u00e0 Glenealy<br>\n   S\u1ed1 1 Glenealy, Qu\u1eadn Central, \u0110\u1eb7c khu h\u00e0nh ch\u00ednh H\u1ed3ng K\u00f4ng\n<br>\n    Email: <a href=\"mailto:info@advizeum.com\">info@advizeum.com<\/a>\n<\/address>\t\t\t\t<\/div>\n\t\t\t\t<\/div>\n\t\t\t\t\t<\/div>\n\t\t\t\t<\/div>\n\t\t\t\t<\/div>\n\t\t","protected":false},"excerpt":{"rendered":"<p>Ch\u00ednh s\u00e1ch b\u1ea3o m\u1eadt cho Advizeum Lifesciences Limited Ng\u00e0y c\u00f3 hi\u1ec7u l\u1ef1c: 5 th\u00e1ng 12 n\u0103m 2024 C\u1eadp nh\u1eadt l\u1ea7n cu\u1ed1i: 5 th\u00e1ng 12 n\u0103m 2024 Ch\u00ednh s\u00e1ch b\u1ea3o m\u1eadt n\u00e0y \u00e1p d\u1ee5ng cho trang web ch\u00ednh th\u1ee9c c\u1ee7a c\u00f4ng ty Advizeum Lifesciences Limited (c\u00f3 th\u1ec3 truy c\u1eadp t\u1ea1i www.advizeum.com). Ch\u00ednh s\u00e1ch n\u00e0y n\u00eau r\u00f5&#8230;<\/p>\n","protected":false},"author":1,"featured_media":0,"parent":0,"menu_order":0,"comment_status":"closed","ping_status":"closed","template":"","meta":{"footnotes":""},"class_list":["post-990693","page","type-page","status-publish","hentry"],"_links":{"self":[{"href":"https:\/\/advizeum.com\/vi\/wp-json\/wp\/v2\/pages\/990693","targetHints":{"allow":["GET"]}}],"collection":[{"href":"https:\/\/advizeum.com\/vi\/wp-json\/wp\/v2\/pages"}],"about":[{"href":"https:\/\/advizeum.com\/vi\/wp-json\/wp\/v2\/types\/page"}],"author":[{"embeddable":true,"href":"https:\/\/advizeum.com\/vi\/wp-json\/wp\/v2\/users\/1"}],"replies":[{"embeddable":true,"href":"https:\/\/advizeum.com\/vi\/wp-json\/wp\/v2\/comments?post=990693"}],"version-history":[{"count":5,"href":"https:\/\/advizeum.com\/vi\/wp-json\/wp\/v2\/pages\/990693\/revisions"}],"predecessor-version":[{"id":990698,"href":"https:\/\/advizeum.com\/vi\/wp-json\/wp\/v2\/pages\/990693\/revisions\/990698"}],"wp:attachment":[{"href":"https:\/\/advizeum.com\/vi\/wp-json\/wp\/v2\/media?parent=990693"}],"curies":[{"name":"wp","href":"https:\/\/api.w.org\/{rel}","templated":true}]}}