{"id":990687,"date":"2024-11-30T19:32:19","date_gmt":"2024-11-30T16:32:19","guid":{"rendered":"https:\/\/advizeum.com\/legal-disclaimer\/"},"modified":"2024-12-26T21:23:23","modified_gmt":"2024-12-26T18:23:23","slug":"tuyen-bo-phap-ly","status":"publish","type":"page","link":"https:\/\/advizeum.com\/vi\/tuyen-bo-phap-ly\/","title":{"rendered":"Tuy\u00ean b\u1ed1 ph\u00e1p l\u00fd"},"content":{"rendered":"\t\t<div data-elementor-type=\"wp-page\" data-elementor-id=\"990687\" class=\"elementor elementor-990687 elementor-988545\" data-elementor-post-type=\"page\">\n\t\t\t\t\t\t<section class=\"elementor-section elementor-top-section elementor-element elementor-element-6c5644c elementor-section-boxed elementor-section-height-default elementor-section-height-default\" data-id=\"6c5644c\" data-element_type=\"section\" data-e-type=\"section\">\n\t\t\t\t\t\t<div class=\"elementor-container elementor-column-gap-default\">\n\t\t\t\t\t<div class=\"elementor-column elementor-col-100 elementor-top-column elementor-element elementor-element-759c98e\" data-id=\"759c98e\" data-element_type=\"column\" data-e-type=\"column\">\n\t\t\t<div class=\"elementor-widget-wrap elementor-element-populated\">\n\t\t\t\t\t\t<div class=\"elementor-element elementor-element-9af75f0 animated-slow elementor-invisible elementor-widget elementor-widget-heading\" data-id=\"9af75f0\" data-element_type=\"widget\" data-e-type=\"widget\" data-settings=\"{&quot;_animation&quot;:&quot;fadeIn&quot;,&quot;_animation_tablet&quot;:&quot;none&quot;}\" data-widget_type=\"heading.default\">\n\t\t\t\t<div class=\"elementor-widget-container\">\n\t\t\t\t\t<h1 class=\"elementor-heading-title elementor-size-default\">Tuy\u00ean b\u1ed1 mi\u1ec5n tr\u1eeb tr\u00e1ch nhi\u1ec7m ph\u00e1p l\u00fd \n<\/h1>\t\t\t\t<\/div>\n\t\t\t\t<\/div>\n\t\t\t\t<div class=\"elementor-element elementor-element-88a728c animated-slow elementor-invisible elementor-widget elementor-widget-heading\" data-id=\"88a728c\" data-element_type=\"widget\" data-e-type=\"widget\" data-settings=\"{&quot;_animation&quot;:&quot;fadeIn&quot;,&quot;_animation_tablet&quot;:&quot;none&quot;,&quot;_animation_delay&quot;:300}\" data-widget_type=\"heading.default\">\n\t\t\t\t<div class=\"elementor-widget-container\">\n\t\t\t\t\t<p class=\"elementor-heading-title elementor-size-default\">cho Advizeum Lifesciences Limited<\/p>\t\t\t\t<\/div>\n\t\t\t\t<\/div>\n\t\t\t\t<div class=\"elementor-element elementor-element-31a03c4 elementor-widget elementor-widget-spacer\" data-id=\"31a03c4\" data-element_type=\"widget\" data-e-type=\"widget\" data-widget_type=\"spacer.default\">\n\t\t\t\t<div class=\"elementor-widget-container\">\n\t\t\t\t\t\t\t<div class=\"elementor-spacer\">\n\t\t\t<div class=\"elementor-spacer-inner\"><\/div>\n\t\t<\/div>\n\t\t\t\t\t\t<\/div>\n\t\t\t\t<\/div>\n\t\t\t\t\t<\/div>\n\t\t<\/div>\n\t\t\t\t\t<\/div>\n\t\t<\/section>\n\t\t<div class=\"elementor-element elementor-element-1e4c5f8 e-flex e-con-boxed e-con e-parent\" data-id=\"1e4c5f8\" data-element_type=\"container\" data-e-type=\"container\">\n\t\t\t\t\t<div class=\"e-con-inner\">\n\t\t\t\t<div class=\"elementor-element elementor-element-dd09e48 elementor-widget elementor-widget-html\" data-id=\"dd09e48\" data-element_type=\"widget\" data-e-type=\"widget\" data-widget_type=\"html.default\">\n\t\t\t\t<div class=\"elementor-widget-container\">\n\t\t\t\t\t<p>\nM\u1ecdi quy\u1ec1n \u0111\u01b0\u1ee3c b\u1ea3o l\u01b0u. Tr\u1eeb khi c\u00f3 quy \u0111\u1ecbnh r\u00f5 r\u00e0ng kh\u00e1c, m\u1ecdi th\u00f4ng tin, h\u00ecnh \u1ea3nh v\u00e0 n\u1ed9i dung tr\u00ean trang web n\u00e0y \u0111\u1ec1u l\u00e0 t\u00e0i s\u1ea3n tr\u00ed tu\u1ec7 c\u1ee7a Advizeum Lifesciences Limited. Nghi\u00eam c\u1ea5m sao ch\u00e9p, t\u00e1i b\u1ea3n ho\u1eb7c s\u1eed d\u1ee5ng tr\u00e1i ph\u00e9p b\u1ea5t k\u1ef3 n\u1ed9i dung n\u00e0o. N\u1ed9i dung \u0111\u01b0\u1ee3c cung c\u1ea5p c\u00f4ng khai ho\u1eb7c mi\u1ec5n ph\u00ed b\u1ea3n quy\u1ec1n tr\u00ean c\u00e1c k\u00eanh kh\u00e1c s\u1ebd kh\u00f4ng \u0111\u01b0\u1ee3c b\u1ea3o v\u1ec7 theo quy \u0111\u1ecbnh n\u00e0y.\n\n<\/p>\n<p>\n N\u1ebfu b\u1ea1n mu\u1ed1n sao ch\u00e9p ho\u1eb7c s\u1eed d\u1ee5ng b\u1ea5t k\u1ef3 n\u1ed9i dung, h\u00ecnh \u1ea3nh, video, \u00e2m thanh ho\u1eb7c t\u00e0i li\u1ec7u n\u00e0o kh\u00e1c t\u1eeb trang web n\u00e0y, vui l\u00f2ng xin s\u1ef1 \u0111\u1ed3ng \u00fd tr\u01b0\u1edbc b\u1eb1ng v\u0103n b\u1ea3n t\u1eeb Advizeum Lifesciences Limited b\u1eb1ng c\u00e1ch li\u00ean h\u1ec7 v\u1edbi ch\u00fang t\u00f4i qua email:\n    <a href=\"mailto:info@advizeum.com\">info@advizeum.com<\/a>.\n<\/p>\n<p>\nB\u1ea5t k\u1ef3 h\u00e0nh vi s\u1eed d\u1ee5ng ho\u1eb7c t\u00e1i b\u1ea3n tr\u00e1i ph\u00e9p n\u00e0o \u0111\u1ec1u c\u00f3 th\u1ec3 b\u1ecb truy t\u1ed1 theo lu\u1eadt hi\u1ec7n h\u00e0nh t\u1ea1i c\u00e1c khu v\u1ef1c ph\u00e1p l\u00fd c\u00f3 li\u00ean quan.\n<\/p>\t\t\t\t<\/div>\n\t\t\t\t<\/div>\n\t\t\t\t\t<\/div>\n\t\t\t\t<\/div>\n\t\t\t\t<\/div>\n\t\t","protected":false},"excerpt":{"rendered":"<p>Tuy\u00ean b\u1ed1 mi\u1ec5n tr\u1eeb tr\u00e1ch nhi\u1ec7m ph\u00e1p l\u00fd cho Advizeum Lifesciences Limited M\u1ecdi quy\u1ec1n \u0111\u01b0\u1ee3c b\u1ea3o l\u01b0u. Tr\u1eeb khi c\u00f3 quy \u0111\u1ecbnh r\u00f5 r\u00e0ng kh\u00e1c, m\u1ecdi th\u00f4ng tin, h\u00ecnh \u1ea3nh v\u00e0 n\u1ed9i dung tr\u00ean trang web n\u00e0y \u0111\u1ec1u l\u00e0 t\u00e0i s\u1ea3n tr\u00ed tu\u1ec7 c\u1ee7a Advizeum Lifesciences Limited. Nghi\u00eam c\u1ea5m sao ch\u00e9p, t\u00e1i b\u1ea3n ho\u1eb7c s\u1eed&#8230;<\/p>\n","protected":false},"author":1,"featured_media":0,"parent":0,"menu_order":0,"comment_status":"closed","ping_status":"closed","template":"","meta":{"footnotes":""},"class_list":["post-990687","page","type-page","status-publish","hentry"],"_links":{"self":[{"href":"https:\/\/advizeum.com\/vi\/wp-json\/wp\/v2\/pages\/990687","targetHints":{"allow":["GET"]}}],"collection":[{"href":"https:\/\/advizeum.com\/vi\/wp-json\/wp\/v2\/pages"}],"about":[{"href":"https:\/\/advizeum.com\/vi\/wp-json\/wp\/v2\/types\/page"}],"author":[{"embeddable":true,"href":"https:\/\/advizeum.com\/vi\/wp-json\/wp\/v2\/users\/1"}],"replies":[{"embeddable":true,"href":"https:\/\/advizeum.com\/vi\/wp-json\/wp\/v2\/comments?post=990687"}],"version-history":[{"count":8,"href":"https:\/\/advizeum.com\/vi\/wp-json\/wp\/v2\/pages\/990687\/revisions"}],"predecessor-version":[{"id":990940,"href":"https:\/\/advizeum.com\/vi\/wp-json\/wp\/v2\/pages\/990687\/revisions\/990940"}],"wp:attachment":[{"href":"https:\/\/advizeum.com\/vi\/wp-json\/wp\/v2\/media?parent=990687"}],"curies":[{"name":"wp","href":"https:\/\/api.w.org\/{rel}","templated":true}]}}