{"id":990650,"date":"2023-03-14T14:21:56","date_gmt":"2023-03-14T11:21:56","guid":{"rendered":"https:\/\/advizeum.com\/faq\/"},"modified":"2024-12-26T18:02:14","modified_gmt":"2024-12-26T15:02:14","slug":"cau-hoi-thuong-gap","status":"publish","type":"page","link":"https:\/\/advizeum.com\/vi\/cau-hoi-thuong-gap\/","title":{"rendered":"C\u00e2u h\u1ecfi th\u01b0\u1eddng g\u1eb7p"},"content":{"rendered":"\t\t<div data-elementor-type=\"wp-page\" data-elementor-id=\"990650\" class=\"elementor elementor-990650 elementor-1314\" data-elementor-post-type=\"page\">\n\t\t\t\t\t\t<section class=\"elementor-section elementor-top-section elementor-element elementor-element-63d7432 elementor-section-boxed elementor-section-height-default elementor-section-height-default\" data-id=\"63d7432\" data-element_type=\"section\" data-e-type=\"section\">\n\t\t\t\t\t\t<div class=\"elementor-container elementor-column-gap-default\">\n\t\t\t\t\t<div class=\"elementor-column elementor-col-100 elementor-top-column elementor-element elementor-element-6381fb6\" data-id=\"6381fb6\" data-element_type=\"column\" data-e-type=\"column\">\n\t\t\t<div class=\"elementor-widget-wrap elementor-element-populated\">\n\t\t\t\t\t\t<div class=\"elementor-element elementor-element-036ea00 animated-slow elementor-invisible elementor-widget elementor-widget-heading\" data-id=\"036ea00\" data-element_type=\"widget\" data-e-type=\"widget\" data-settings=\"{&quot;_animation&quot;:&quot;fadeIn&quot;,&quot;_animation_tablet&quot;:&quot;none&quot;}\" data-widget_type=\"heading.default\">\n\t\t\t\t<div class=\"elementor-widget-container\">\n\t\t\t\t\t<h1 class=\"elementor-heading-title elementor-size-default\">C\u00e2u h\u1ecfi th\u01b0\u1eddng g\u1eb7p\n<\/h1>\t\t\t\t<\/div>\n\t\t\t\t<\/div>\n\t\t\t\t<div class=\"elementor-element elementor-element-a6db118 animated-slow elementor-invisible elementor-widget elementor-widget-heading\" data-id=\"a6db118\" data-element_type=\"widget\" data-e-type=\"widget\" data-settings=\"{&quot;_animation&quot;:&quot;fadeIn&quot;,&quot;_animation_tablet&quot;:&quot;none&quot;,&quot;_animation_delay&quot;:300}\" data-widget_type=\"heading.default\">\n\t\t\t\t<div class=\"elementor-widget-container\">\n\t\t\t\t\t<p class=\"elementor-heading-title elementor-size-default\">Ch\u00fang t\u00f4i \u1edf \u0111\u00e2y \u0111\u1ec3 tr\u1ea3 l\u1eddi nh\u1eefng c\u00e2u h\u1ecfi n\u00e0y v\u00e0 nh\u1eefng c\u00e2u h\u1ecfi kh\u00e1c m\u00e0 b\u1ea1n c\u00f3 th\u1ec3 c\u00f3.\n<\/p>\t\t\t\t<\/div>\n\t\t\t\t<\/div>\n\t\t\t\t<div class=\"elementor-element elementor-element-585c3df elementor-widget elementor-widget-spacer\" data-id=\"585c3df\" data-element_type=\"widget\" data-e-type=\"widget\" data-widget_type=\"spacer.default\">\n\t\t\t\t<div class=\"elementor-widget-container\">\n\t\t\t\t\t\t\t<div class=\"elementor-spacer\">\n\t\t\t<div class=\"elementor-spacer-inner\"><\/div>\n\t\t<\/div>\n\t\t\t\t\t\t<\/div>\n\t\t\t\t<\/div>\n\t\t\t\t\t<\/div>\n\t\t<\/div>\n\t\t\t\t\t<\/div>\n\t\t<\/section>\n\t\t\t\t<section class=\"elementor-section elementor-top-section elementor-element elementor-element-d87787f elementor-section-boxed elementor-section-height-default elementor-section-height-default\" data-id=\"d87787f\" data-element_type=\"section\" data-e-type=\"section\">\n\t\t\t\t\t\t<div class=\"elementor-container elementor-column-gap-no\">\n\t\t\t\t\t<div class=\"elementor-column elementor-col-100 elementor-top-column elementor-element elementor-element-aadef22\" data-id=\"aadef22\" data-element_type=\"column\" data-e-type=\"column\" data-settings=\"{&quot;background_background&quot;:&quot;classic&quot;}\">\n\t\t\t<div class=\"elementor-widget-wrap elementor-element-populated\">\n\t\t\t\t\t\t<div class=\"vamtam-has-theme-widget-styles elementor-element elementor-element-124be31 elementor-widget elementor-widget-toggle\" data-id=\"124be31\" data-element_type=\"widget\" data-e-type=\"widget\" data-widget_type=\"toggle.default\">\n\t\t\t\t<div class=\"elementor-widget-container\">\n\t\t\t\t\t\t\t<div class=\"elementor-toggle\">\n\t\t\t\t\t\t\t<div class=\"elementor-toggle-item\">\n\t\t\t\t\t<h3 id=\"elementor-tab-title-1911\" class=\"elementor-tab-title\" data-tab=\"1\" role=\"button\" aria-controls=\"elementor-tab-content-1911\" aria-expanded=\"false\">\n\t\t\t\t\t\t\t\t\t\t\t\t<span class=\"elementor-toggle-icon elementor-toggle-icon-right\" aria-hidden=\"true\">\n\t\t\t\t\t\t\t\t\t\t\t\t\t\t\t<span class=\"elementor-toggle-icon-closed\"><i class=\"vamtamtheme- vamtam-theme-plus\"><\/i><\/span>\n\t\t\t\t\t\t\t\t<span class=\"elementor-toggle-icon-opened\"><i class=\"elementor-toggle-icon-opened vamtamtheme- vamtam-theme-minus\"><\/i><\/span>\n\t\t\t\t\t\t\t\t\t\t\t\t\t<\/span>\n\t\t\t\t\t\t\t\t\t\t\t\t<a class=\"elementor-toggle-title\" tabindex=\"0\">B\u1ea1n c\u00f3 ph\u1ea3i l\u00e0 c\u00f4ng ty t\u01b0 v\u1ea5n kh\u00f4ng?<\/a>\n\t\t\t\t\t<\/h3>\n\n\t\t\t\t\t<div id=\"elementor-tab-content-1911\" class=\"elementor-tab-content elementor-clearfix\" data-tab=\"1\" role=\"region\" aria-labelledby=\"elementor-tab-title-1911\"><p>C\u00f3, nh\u01b0ng v\u1edbi c\u00e1ch ti\u1ebfp c\u1eadn ri\u00eang bi\u1ec7t. Trong ba l\u0129nh v\u1ef1c gi\u1ea3i ph\u00e1p c\u1ee7a m\u00ecnh, ch\u00fang t\u00f4i ho\u1ea1t \u0111\u1ed9ng nh\u01b0 m\u1ed9t c\u00f4ng ty t\u01b0 v\u1ea5n truy\u1ec1n th\u1ed1ng cho nhi\u1ec1u d\u1ecbch v\u1ee5, nh\u01b0 \u0111\u01b0\u1ee3c n\u00eau chi ti\u1ebft trong ph\u1ea7n Gi\u1ea3i ph\u00e1p tr\u00ean trang web c\u1ee7a ch\u00fang t\u00f4i.<\/p><p>\u0110\u1ed1i v\u1edbi d\u1ecbch v\u1ee5 K\u1ebft n\u1ed1i B2B, ch\u00fang t\u00f4i cung c\u1ea5p c\u00e1c m\u00f4 h\u00ecnh linh ho\u1ea1t, t\u1eeb quan h\u1ec7 \u0111\u1ed1i t\u00e1c d\u1ef1a tr\u00ean t\u01b0 v\u1ea5n \u0111\u1ebfn c\u00e1c gi\u1ea3i ph\u00e1p \u0111\u1ecbnh h\u01b0\u1edbng th\u01b0\u01a1ng m\u1ea1i truy\u1ec1n th\u1ed1ng h\u01a1n, ph\u00f9 h\u1ee3p v\u1edbi nhu c\u1ea7u c\u1ee5 th\u1ec3 c\u1ee7a kh\u00e1ch h\u00e0ng v\u00e0 th\u1ecb tr\u01b0\u1eddng m\u1ee5c ti\u00eau ch\u00ednh x\u00e1c m\u00e0 ch\u00fang t\u00f4i gi\u00fap h\u1ecd l\u1ef1a ch\u1ecdn. Ch\u00fang t\u00f4i r\u1ea5t s\u1eb5n l\u00f2ng th\u1ea3o lu\u1eadn v\u1ec1 c\u00e1ch ti\u1ebfp c\u1eadn, gi\u1ea3i ph\u00e1p c\u1ee7a ch\u00fang t\u00f4i c\u00f3 th\u1ec3 h\u1ed7 tr\u1ee3 c\u00e1c m\u1ee5c ti\u00eau kinh doanh c\u1ee7a b\u1ea1n nh\u01b0 th\u1ebf n\u00e0o \u2013 vui l\u00f2ng li\u00ean h\u1ec7 v\u1edbi ch\u00fang t\u00f4i \u0111\u1ec3 bi\u1ebft th\u00eam chi ti\u1ebft.<\/p><\/div>\n\t\t\t\t<\/div>\n\t\t\t\t\t\t\t<div class=\"elementor-toggle-item\">\n\t\t\t\t\t<h3 id=\"elementor-tab-title-1912\" class=\"elementor-tab-title\" data-tab=\"2\" role=\"button\" aria-controls=\"elementor-tab-content-1912\" aria-expanded=\"false\">\n\t\t\t\t\t\t\t\t\t\t\t\t<span class=\"elementor-toggle-icon elementor-toggle-icon-right\" aria-hidden=\"true\">\n\t\t\t\t\t\t\t\t\t\t\t\t\t\t\t<span class=\"elementor-toggle-icon-closed\"><i class=\"vamtamtheme- vamtam-theme-plus\"><\/i><\/span>\n\t\t\t\t\t\t\t\t<span class=\"elementor-toggle-icon-opened\"><i class=\"elementor-toggle-icon-opened vamtamtheme- vamtam-theme-minus\"><\/i><\/span>\n\t\t\t\t\t\t\t\t\t\t\t\t\t<\/span>\n\t\t\t\t\t\t\t\t\t\t\t\t<a class=\"elementor-toggle-title\" tabindex=\"0\">B\u1ea1n kh\u00e1c bi\u1ec7t nh\u01b0 th\u1ebf n\u00e0o so v\u1edbi c\u00e1c c\u00f4ng ty t\u01b0\u01a1ng t\u1ef1 kh\u00e1c?<\/a>\n\t\t\t\t\t<\/h3>\n\n\t\t\t\t\t<div id=\"elementor-tab-content-1912\" class=\"elementor-tab-content elementor-clearfix\" data-tab=\"2\" role=\"region\" aria-labelledby=\"elementor-tab-title-1912\"><p>Ch\u00fang t\u00f4i c\u00f3 h\u01a1n 30 n\u0103m kinh nghi\u1ec7m trong m\u00f4i tr\u01b0\u1eddng \u0111a qu\u1ed1c gia, v\u1edbi chuy\u00ean m\u00f4n s\u00e2u r\u1ed9ng trong c\u00e1c l\u0129nh v\u1ef1c D\u01b0\u1ee3c ph\u1ea9m, D\u01b0\u1ee3c sinh h\u1ecdc v\u00e0 V\u1eafc-xin. C\u00e1c gi\u1ea3i ph\u00e1p c\u1ee7a ch\u00fang t\u00f4i \u0111\u01b0\u1ee3c thi\u1ebft k\u1ebf ri\u00eang cho c\u00e1c C\u00f4ng ty chuy\u00ean v\u1ec1 l\u0129nh v\u1ef1c Khoa h\u1ecdc \u0111\u1eddi s\u1ed1ng. Ngay t\u1eeb khi b\u1ea1n h\u1ee3p t\u00e1c v\u1edbi ch\u00fang t\u00f4i, b\u1ea1n s\u1ebd nh\u1eadn ra r\u1eb1ng ch\u00fang t\u00f4i n\u00f3i c\u00f9ng ng\u00f4n ng\u1eef v\u1edbi b\u1ea1n, \u0111\u1ed3ng c\u1ea3m v\u1edbi nh\u1eefng th\u00e1ch th\u1ee9c c\u1ee7a b\u1ea1n v\u00e0 ph\u00f9 h\u1ee3p v\u1edbi tham v\u1ecdng c\u1ee7a b\u1ea1n.<\/p><p>Cho d\u00f9 b\u1ea1n l\u00e0 m\u1ed9t c\u00f4ng ty \u0111a qu\u1ed1c gia, m\u1ed9t c\u00f4ng ty c\u00f3 quan h\u1ec7 h\u1ee3p t\u00e1c v\u1edbi c\u00f4ng ty \u0111a qu\u1ed1c gia, m\u1ed9t c\u00f4ng ty v\u1ec1 Khoa h\u1ecdc \u0111\u1eddi s\u1ed1ng\/D\u01b0\u1ee3c sinh h\u1ecdc \u0111ang ph\u00e1t tri\u1ec3n, m\u1ed9t nh\u00e0 ph\u00e2n ph\u1ed1i \u0111\u1ecba ph\u01b0\u01a1ng hay m\u1ed9t c\u00e1 nh\u00e2n mu\u1ed1n th\u0103ng ti\u1ebfn trong s\u1ef1 nghi\u1ec7p, ch\u00fang t\u00f4i lu\u00f4n \u1edf \u0111\u00e2y v\u00ec b\u1ea1n. Ch\u00fang t\u00f4i cung c\u1ea5p c\u00e1c gi\u1ea3i ph\u00e1p chuy\u00ean nghi\u1ec7p v\u1edbi s\u1ef1 \u0111\u01a1n gi\u1ea3n v\u00e0 ph\u00f9 h\u1ee3p, lu\u00f4n \u0111\u1eb7t th\u00e0nh c\u00f4ng c\u1ee7a b\u1ea1n l\u00e0 \u01b0u ti\u00ean h\u00e0ng \u0111\u1ea7u.<\/p><\/div>\n\t\t\t\t<\/div>\n\t\t\t\t\t\t\t<div class=\"elementor-toggle-item\">\n\t\t\t\t\t<h3 id=\"elementor-tab-title-1913\" class=\"elementor-tab-title\" data-tab=\"3\" role=\"button\" aria-controls=\"elementor-tab-content-1913\" aria-expanded=\"false\">\n\t\t\t\t\t\t\t\t\t\t\t\t<span class=\"elementor-toggle-icon elementor-toggle-icon-right\" aria-hidden=\"true\">\n\t\t\t\t\t\t\t\t\t\t\t\t\t\t\t<span class=\"elementor-toggle-icon-closed\"><i class=\"vamtamtheme- vamtam-theme-plus\"><\/i><\/span>\n\t\t\t\t\t\t\t\t<span class=\"elementor-toggle-icon-opened\"><i class=\"elementor-toggle-icon-opened vamtamtheme- vamtam-theme-minus\"><\/i><\/span>\n\t\t\t\t\t\t\t\t\t\t\t\t\t<\/span>\n\t\t\t\t\t\t\t\t\t\t\t\t<a class=\"elementor-toggle-title\" tabindex=\"0\">B\u1ea1n c\u00f3 nhi\u1ec1u kinh nghi\u1ec7m nh\u1ea5t trong ng\u00e0nh ho\u1eb7c s\u1ea3n ph\u1ea9m n\u00e0o?<\/a>\n\t\t\t\t\t<\/h3>\n\n\t\t\t\t\t<div id=\"elementor-tab-content-1913\" class=\"elementor-tab-content elementor-clearfix\" data-tab=\"3\" role=\"region\" aria-labelledby=\"elementor-tab-title-1913\"><p>Ch\u00fang t\u00f4i c\u00f3 nhi\u1ec1u th\u1eadp k\u1ef7 kinh nghi\u1ec7m chuy\u00ean s\u00e2u trong c\u00e1c ng\u00e0nh v\u1eafc-xin cho ng\u01b0\u1eddi, d\u01b0\u1ee3c ph\u1ea9m v\u00e0 d\u01b0\u1ee3c ph\u1ea9m sinh h\u1ecdc. Kinh nghi\u1ec7m c\u1ee7a ch\u00fang t\u00f4i tr\u1ea3i d\u00e0i tr\u00ean nhi\u1ec1u kh\u00eda c\u1ea1nh quan tr\u1ecdng c\u1ee7a doanh nghi\u1ec7p, bao g\u1ed3m ph\u00e1t tri\u1ec3n l\u00e3nh \u0111\u1ea1o, qu\u1ea3n l\u00fd k\u1ebft qu\u1ea3 kinh doanh (P&amp;L), qu\u1ea3n l\u00fd \u0111\u1ed1i ngo\u1ea1i, chi\u1ebfn l\u01b0\u1ee3c ti\u1ebfp c\u1eadn th\u1ecb tr\u01b0\u1eddng c\u0169ng nh\u01b0 ph\u00e1t tri\u1ec3n v\u00e0 qu\u1ea3n l\u00fd \u0111\u1ed1i t\u00e1c.<\/p><p>S\u1ef1 k\u1ebft h\u1ee3p gi\u1eefa chuy\u00ean m\u00f4n s\u00e2u r\u1ed9ng v\u00e0 ki\u1ebfn \u200b\u200bth\u1ee9c chuy\u00ean s\u00e2u n\u00e0y gi\u00fap ch\u00fang t\u00f4i h\u1ed7 tr\u1ee3 kh\u00e1ch h\u00e0ng v\u01b0\u1ee3t qua nhi\u1ec1u th\u00e1ch th\u1ee9c kh\u00e1c nhau v\u00e0 n\u1eafm b\u1eaft c\u01a1 h\u1ed9i trong c\u00e1c l\u0129nh v\u1ef1c n\u00e0y.<\/p><\/div>\n\t\t\t\t<\/div>\n\t\t\t\t\t\t\t<div class=\"elementor-toggle-item\">\n\t\t\t\t\t<h3 id=\"elementor-tab-title-1914\" class=\"elementor-tab-title\" data-tab=\"4\" role=\"button\" aria-controls=\"elementor-tab-content-1914\" aria-expanded=\"false\">\n\t\t\t\t\t\t\t\t\t\t\t\t<span class=\"elementor-toggle-icon elementor-toggle-icon-right\" aria-hidden=\"true\">\n\t\t\t\t\t\t\t\t\t\t\t\t\t\t\t<span class=\"elementor-toggle-icon-closed\"><i class=\"vamtamtheme- vamtam-theme-plus\"><\/i><\/span>\n\t\t\t\t\t\t\t\t<span class=\"elementor-toggle-icon-opened\"><i class=\"elementor-toggle-icon-opened vamtamtheme- vamtam-theme-minus\"><\/i><\/span>\n\t\t\t\t\t\t\t\t\t\t\t\t\t<\/span>\n\t\t\t\t\t\t\t\t\t\t\t\t<a class=\"elementor-toggle-title\" tabindex=\"0\">T\u1ec7p kh\u00e1ch h\u00e0ng ti\u00eau bi\u1ec3u c\u1ee7a b\u1ea1n l\u00e0 ai?<\/a>\n\t\t\t\t\t<\/h3>\n\n\t\t\t\t\t<div id=\"elementor-tab-content-1914\" class=\"elementor-tab-content elementor-clearfix\" data-tab=\"4\" role=\"region\" aria-labelledby=\"elementor-tab-title-1914\"><p>Kh\u00e1ch h\u00e0ng c\u1ee7a ch\u00fang t\u00f4i \u0111\u1ebfn t\u1eeb nhi\u1ec1u l\u0129nh v\u1ef1c kh\u00e1c nhau trong c\u00e1c ng\u00e0nh D\u01b0\u1ee3c ph\u1ea9m sinh h\u1ecdc, V\u1eafc-xin v\u00e0 C\u00f4ng ngh\u1ec7 sinh h\u1ecdc:<\/p><ul><li><strong>Kh\u00e1ch h\u00e0ng doanh nghi\u1ec7p:<\/strong> C\u00e1c c\u00f4ng ty t\u00ecm ki\u1ebfm s\u1ef1 h\u1ed7 tr\u1ee3 t\u01b0 v\u1ea5n cho k\u1ebf ho\u1ea1ch chi\u1ebfn l\u01b0\u1ee3c, th\u1ef1c hi\u1ec7n d\u1ef1 \u00e1n ho\u1eb7c gi\u1ea3i quy\u1ebft c\u00e1c v\u1ea5n \u0111\u1ec1 c\u1ee5 th\u1ec3 trong ti\u1ebfp c\u1eadn th\u1ecb tr\u01b0\u1eddng, ph\u00e1t tri\u1ec3n t\u1ed5 ch\u1ee9c, thu h\u00fat c\u00e1c b\u00ean li\u00ean quan v\u00e0 c\u00e1c ch\u1ee7 \u0111\u1ec1 ho\u1ea1t \u0111\u1ed9ng t\u01b0\u01a1ng t\u1ef1.<\/li><li><strong>Ph\u00e1t tri\u1ec3n kh\u1ea3 n\u0103ng l\u00e3nh \u0111\u1ea1o:<\/strong> C\u00e1c t\u1ed5 ch\u1ee9c \u0111ang t\u00ecm ki\u1ebfm nh\u1eefng ng\u01b0\u1eddi h\u01b0\u1edbng d\u1eabn ho\u1eb7c c\u1ed1 v\u1ea5n gi\u00e0u kinh nghi\u1ec7m \u0111\u1ec3 n\u00e2ng t\u1ea7m c\u00e1c nh\u00e0 l\u00e3nh \u0111\u1ea1o h\u00e0ng \u0111\u1ea7u c\u1ee7a h\u1ecd ho\u1eb7c chu\u1ea9n b\u1ecb cho c\u00e1c \u1ee9ng vi\u00ean ti\u1ec1m n\u0103ng b\u01b0\u1edbc v\u00e0o c\u00e1c vai tr\u00f2 qu\u1ea3n l\u00fd c\u1ea5p cao.<\/li><li><strong>Ph\u00e1t tri\u1ec3n doanh nghi\u1ec7p:<\/strong> C\u00e1c c\u00f4ng ty c\u00f3 danh m\u1ee5c s\u1ea3n ph\u1ea9m ch\u1ea5t l\u01b0\u1ee3ng cao v\u1edbi m\u1ee5c ti\u00eau m\u1edf r\u1ed9ng ra qu\u1ed1c t\u1ebf v\u00e0 c\u1ea7n c\u00f3 s\u1ef1 c\u1ed1 v\u1ea5n chi\u1ebfn l\u01b0\u1ee3c \u0111\u1ec3 \u0111\u1ea1t \u0111\u01b0\u1ee3c m\u1ee5c ti\u00eau chi\u1ebfn l\u01b0\u1ee3c.<\/li><li><strong>Ph\u00e1t tri\u1ec3n c\u00e1 nh\u00e2n:<\/strong>Nh\u1eefng ng\u01b0\u1eddi \u0111\u1ea7u t\u01b0 v\u00e0o s\u1ef1 ph\u00e1t tri\u1ec3n c\u00e1 nh\u00e2n th\u00f4ng qua c\u00e1c ch\u01b0\u01a1ng tr\u00ecnh h\u01b0\u1edbng d\u1eabn ho\u1eb7c c\u1ed1 v\u1ea5n \u0111\u01b0\u1ee3c thi\u1ebft k\u1ebf ri\u00eang \u0111\u1ec3 n\u00e2ng cao k\u1ef9 n\u0103ng l\u00e3nh \u0111\u1ea1o c\u1ee7a h\u1ecd.<\/li><\/ul><p>Cho d\u00f9 b\u1ea1n l\u00e0 m\u1ed9t doanh nghi\u1ec7p hay m\u1ed9t c\u00e1 nh\u00e2n, ch\u00fang t\u00f4i s\u1ebd c\u00f3 c\u00e1c d\u1ecbch v\u1ee5 t\u01b0\u01a1ng \u1ee9ng \u0111\u1ec3 \u0111\u00e1p \u1ee9ng c\u00e1c nhu c\u1ea7u v\u00e0 mong \u0111\u1ee3i ri\u00eang c\u1ee7a b\u1ea1n.<\/p><\/div>\n\t\t\t\t<\/div>\n\t\t\t\t\t\t\t<div class=\"elementor-toggle-item\">\n\t\t\t\t\t<h3 id=\"elementor-tab-title-1915\" class=\"elementor-tab-title\" data-tab=\"5\" role=\"button\" aria-controls=\"elementor-tab-content-1915\" aria-expanded=\"false\">\n\t\t\t\t\t\t\t\t\t\t\t\t<span class=\"elementor-toggle-icon elementor-toggle-icon-right\" aria-hidden=\"true\">\n\t\t\t\t\t\t\t\t\t\t\t\t\t\t\t<span class=\"elementor-toggle-icon-closed\"><i class=\"vamtamtheme- vamtam-theme-plus\"><\/i><\/span>\n\t\t\t\t\t\t\t\t<span class=\"elementor-toggle-icon-opened\"><i class=\"elementor-toggle-icon-opened vamtamtheme- vamtam-theme-minus\"><\/i><\/span>\n\t\t\t\t\t\t\t\t\t\t\t\t\t<\/span>\n\t\t\t\t\t\t\t\t\t\t\t\t<a class=\"elementor-toggle-title\" tabindex=\"0\">B\u1ea1n n\u00f3i v\u1ec1 vi\u1ec7c t\u1ea1o ra t\u00e1c \u0111\u1ed9ng \u0111\u1ebfn s\u1ee9c kh\u1ecfe c\u1ed9ng \u0111\u1ed3ng. B\u1ea1n l\u00e0m \u0111i\u1ec1u n\u00e0y nh\u01b0 th\u1ebf n\u00e0o?<\/a>\n\t\t\t\t\t<\/h3>\n\n\t\t\t\t\t<div id=\"elementor-tab-content-1915\" class=\"elementor-tab-content elementor-clearfix\" data-tab=\"5\" role=\"region\" aria-labelledby=\"elementor-tab-title-1915\"><p>C\u1ea3 ba l\u0129nh v\u1ef1c gi\u1ea3i ph\u00e1p c\u1ee7a ch\u00fang t\u00f4i \u0111\u1ec1u t\u1eadp trung v\u00e0o Khoa h\u1ecdc \u0111\u1eddi s\u1ed1ng. \u0110\u01b0\u1ee3c \u0111\u1ecbnh h\u01b0\u1edbng b\u1edfi c\u00e1c gi\u00e1 tr\u1ecb c\u1ed1t l\u00f5i v\u00e0 nguy\u00ean t\u1eafc \u0111\u1ea1o \u0111\u1ee9c c\u1ee7a m\u00ecnh, ch\u00fang t\u00f4i h\u1ee3p t\u00e1c v\u1edbi kh\u00e1ch h\u00e0ng v\u00e0 \u0111\u1ed1i t\u00e1c \u0111\u1ec3 t\u1ea1o ra t\u00e1c \u0111\u1ed9ng t\u00edch c\u1ef1c \u0111\u1ebfn b\u1ec7nh nh\u00e2n v\u00e0 c\u00e1c b\u00ean li\u00ean quan \u0111\u1ebfn s\u1ee9c kh\u1ecfe c\u1ed9ng \u0111\u1ed3ng. B\u1eb1ng c\u00e1ch gi\u00fap kh\u00e1ch h\u00e0ng c\u1ee7a m\u00ecnh ph\u00e1t tri\u1ec3n, ch\u00fang t\u00f4i n\u00e2ng cao n\u0103ng l\u1ef1c c\u1ee7a h\u1ecd trong vi\u1ec7c gi\u1ea3i quy\u1ebft c\u00e1c nhu c\u1ea7u v\u1ec1 s\u1ee9c kh\u1ecfe c\u1ee7a c\u1ed9ng \u0111\u1ed3ng t\u1ea1i c\u00e1c th\u1ecb tr\u01b0\u1eddng m\u00e0 ch\u00fang t\u00f4i gi\u00fap h\u1ecd ph\u1ee5c v\u1ee5.<\/p><\/div>\n\t\t\t\t<\/div>\n\t\t\t\t\t\t\t<div class=\"elementor-toggle-item\">\n\t\t\t\t\t<h3 id=\"elementor-tab-title-1916\" class=\"elementor-tab-title\" data-tab=\"6\" role=\"button\" aria-controls=\"elementor-tab-content-1916\" aria-expanded=\"false\">\n\t\t\t\t\t\t\t\t\t\t\t\t<span class=\"elementor-toggle-icon elementor-toggle-icon-right\" aria-hidden=\"true\">\n\t\t\t\t\t\t\t\t\t\t\t\t\t\t\t<span class=\"elementor-toggle-icon-closed\"><i class=\"vamtamtheme- vamtam-theme-plus\"><\/i><\/span>\n\t\t\t\t\t\t\t\t<span class=\"elementor-toggle-icon-opened\"><i class=\"elementor-toggle-icon-opened vamtamtheme- vamtam-theme-minus\"><\/i><\/span>\n\t\t\t\t\t\t\t\t\t\t\t\t\t<\/span>\n\t\t\t\t\t\t\t\t\t\t\t\t<a class=\"elementor-toggle-title\" tabindex=\"0\">B\u1ea1n c\u00f3 cung c\u1ea5p b\u1ea5t k\u1ef3 d\u1ecbch v\u1ee5 n\u00e0o kh\u00e1c ngo\u00e0i ba l\u0129nh v\u1ef1c gi\u1ea3i ph\u00e1p c\u1ee7a b\u1ea1n kh\u00f4ng?<\/a>\n\t\t\t\t\t<\/h3>\n\n\t\t\t\t\t<div id=\"elementor-tab-content-1916\" class=\"elementor-tab-content elementor-clearfix\" data-tab=\"6\" role=\"region\" aria-labelledby=\"elementor-tab-title-1916\"><p>M\u1ee5c ti\u00eau ch\u00ednh c\u1ee7a ch\u00fang t\u00f4i l\u00e0 h\u1ed7 tr\u1ee3 s\u1ef1 ph\u00e1t tri\u1ec3n v\u00e0 th\u00e0nh c\u00f4ng c\u1ee7a kh\u00e1ch h\u00e0ng. N\u1ebfu b\u1ea1n c\u00f3 nhu c\u1ea7u c\u1ee5 th\u1ec3 n\u1eb1m ngo\u00e0i c\u00e1c gi\u1ea3i ph\u00e1p \u0111\u01b0\u1ee3c li\u1ec7t k\u00ea tr\u00ean trang web c\u1ee7a ch\u00fang t\u00f4i, ch\u00fang t\u00f4i r\u1ea5t mong c\u00f3 \u0111\u01b0\u1ee3c m\u1ed9t bu\u1ed5i l\u00e0m vi\u1ec7c v\u1edbi b\u1ea1n \u0111\u1ec3 l\u1eafng nghe v\u1ec1 nhu c\u1ea7u c\u1ee5 th\u1ec3 \u0111\u00f3.<\/p><p>Ch\u00fang t\u00f4i cam k\u1ebft cung c\u1ea5p c\u00e1c d\u1ecbch v\u1ee5 b\u1ea1n c\u1ea7n ho\u1eb7c k\u1ebft n\u1ed1i b\u1ea1n v\u1edbi m\u1ed9t \u0111\u1ed1i t\u00e1c \u0111\u00e1ng tin c\u1eady trong m\u1ea1ng l\u01b0\u1edbi c\u1ee7a ch\u00fang t\u00f4i chuy\u00ean v\u1ec1 l\u0129nh v\u1ef1c \u0111\u00f3.<\/p><\/div>\n\t\t\t\t<\/div>\n\t\t\t\t\t\t\t\t<\/div>\n\t\t\t\t\t\t<\/div>\n\t\t\t\t<\/div>\n\t\t\t\t\t<\/div>\n\t\t<\/div>\n\t\t\t\t\t<\/div>\n\t\t<\/section>\n\t\t\t\t<\/div>\n\t\t","protected":false},"excerpt":{"rendered":"<p>C\u00e2u h\u1ecfi th\u01b0\u1eddng g\u1eb7p Ch\u00fang t\u00f4i \u1edf \u0111\u00e2y \u0111\u1ec3 tr\u1ea3 l\u1eddi nh\u1eefng c\u00e2u h\u1ecfi n\u00e0y v\u00e0 nh\u1eefng c\u00e2u h\u1ecfi kh\u00e1c m\u00e0 b\u1ea1n c\u00f3 th\u1ec3 c\u00f3. B\u1ea1n c\u00f3 ph\u1ea3i l\u00e0 c\u00f4ng ty t\u01b0 v\u1ea5n kh\u00f4ng? C\u00f3, nh\u01b0ng v\u1edbi c\u00e1ch ti\u1ebfp c\u1eadn ri\u00eang bi\u1ec7t. Trong ba l\u0129nh v\u1ef1c gi\u1ea3i ph\u00e1p c\u1ee7a m\u00ecnh, ch\u00fang t\u00f4i ho\u1ea1t \u0111\u1ed9ng nh\u01b0&#8230;<\/p>\n","protected":false},"author":1,"featured_media":0,"parent":0,"menu_order":0,"comment_status":"closed","ping_status":"closed","template":"","meta":{"footnotes":""},"class_list":["post-990650","page","type-page","status-publish","hentry"],"_links":{"self":[{"href":"https:\/\/advizeum.com\/vi\/wp-json\/wp\/v2\/pages\/990650","targetHints":{"allow":["GET"]}}],"collection":[{"href":"https:\/\/advizeum.com\/vi\/wp-json\/wp\/v2\/pages"}],"about":[{"href":"https:\/\/advizeum.com\/vi\/wp-json\/wp\/v2\/types\/page"}],"author":[{"embeddable":true,"href":"https:\/\/advizeum.com\/vi\/wp-json\/wp\/v2\/users\/1"}],"replies":[{"embeddable":true,"href":"https:\/\/advizeum.com\/vi\/wp-json\/wp\/v2\/comments?post=990650"}],"version-history":[{"count":5,"href":"https:\/\/advizeum.com\/vi\/wp-json\/wp\/v2\/pages\/990650\/revisions"}],"predecessor-version":[{"id":990656,"href":"https:\/\/advizeum.com\/vi\/wp-json\/wp\/v2\/pages\/990650\/revisions\/990656"}],"wp:attachment":[{"href":"https:\/\/advizeum.com\/vi\/wp-json\/wp\/v2\/media?parent=990650"}],"curies":[{"name":"wp","href":"https:\/\/api.w.org\/{rel}","templated":true}]}}