{"id":990576,"date":"2024-12-02T10:06:32","date_gmt":"2024-12-02T07:06:32","guid":{"rendered":"https:\/\/advizeum.com\/doi-ngu-cua-chung-toi\/damla-cihangir-tetik\/"},"modified":"2024-12-26T16:44:28","modified_gmt":"2024-12-26T13:44:28","slug":"damla-cihangir-tetik","status":"publish","type":"page","link":"https:\/\/advizeum.com\/vi\/doi-ngu-cua-chung-toi\/damla-cihangir-tetik\/","title":{"rendered":"Damla Cihangir-Tetik"},"content":{"rendered":"\t\t<div data-elementor-type=\"wp-page\" data-elementor-id=\"990576\" class=\"elementor elementor-990576 elementor-988937\" data-elementor-post-type=\"page\">\n\t\t\t\t\t\t<section class=\"elementor-section elementor-top-section elementor-element elementor-element-df3173c elementor-section-boxed elementor-section-height-default elementor-section-height-default\" data-id=\"df3173c\" data-element_type=\"section\" data-e-type=\"section\">\n\t\t\t\t\t\t<div class=\"elementor-container elementor-column-gap-default\">\n\t\t\t\t\t<div class=\"elementor-column elementor-col-100 elementor-top-column elementor-element elementor-element-96d191e\" data-id=\"96d191e\" data-element_type=\"column\" data-e-type=\"column\">\n\t\t\t<div class=\"elementor-widget-wrap elementor-element-populated\">\n\t\t\t\t\t\t<div class=\"elementor-element elementor-element-af1fa35 elementor-widget__width-auto elementor-widget elementor-widget-heading\" data-id=\"af1fa35\" data-element_type=\"widget\" data-e-type=\"widget\" data-widget_type=\"heading.default\">\n\t\t\t\t<div class=\"elementor-widget-container\">\n\t\t\t\t\t<span class=\"elementor-heading-title elementor-size-default\">C\u1ed1 v\u1ea5n<\/span>\t\t\t\t<\/div>\n\t\t\t\t<\/div>\n\t\t\t\t<div class=\"elementor-element elementor-element-6f49b94 animated-slow elementor-invisible elementor-widget elementor-widget-heading\" data-id=\"6f49b94\" data-element_type=\"widget\" data-e-type=\"widget\" data-settings=\"{&quot;_animation&quot;:&quot;fadeIn&quot;,&quot;_animation_tablet&quot;:&quot;none&quot;}\" data-widget_type=\"heading.default\">\n\t\t\t\t<div class=\"elementor-widget-container\">\n\t\t\t\t\t<h1 class=\"elementor-heading-title elementor-size-default\">Damla Cihangir-Tetik<\/h1>\t\t\t\t<\/div>\n\t\t\t\t<\/div>\n\t\t\t\t<div class=\"elementor-element elementor-element-52afd14 elementor-widget elementor-widget-spacer\" data-id=\"52afd14\" data-element_type=\"widget\" data-e-type=\"widget\" data-widget_type=\"spacer.default\">\n\t\t\t\t<div class=\"elementor-widget-container\">\n\t\t\t\t\t\t\t<div class=\"elementor-spacer\">\n\t\t\t<div class=\"elementor-spacer-inner\"><\/div>\n\t\t<\/div>\n\t\t\t\t\t\t<\/div>\n\t\t\t\t<\/div>\n\t\t\t\t\t<\/div>\n\t\t<\/div>\n\t\t\t\t\t<\/div>\n\t\t<\/section>\n\t\t\t\t<section class=\"elementor-section elementor-top-section elementor-element elementor-element-679f094 elementor-section-boxed elementor-section-height-default elementor-section-height-default\" data-id=\"679f094\" data-element_type=\"section\" data-e-type=\"section\">\n\t\t\t\t\t\t<div class=\"elementor-container elementor-column-gap-no\">\n\t\t\t\t\t<div class=\"elementor-column elementor-col-33 elementor-top-column elementor-element elementor-element-10fcb26\" data-id=\"10fcb26\" data-element_type=\"column\" data-e-type=\"column\">\n\t\t\t<div class=\"elementor-widget-wrap elementor-element-populated\">\n\t\t\t\t\t\t<div class=\"elementor-element elementor-element-e214226 elementor-widget elementor-widget-image\" data-id=\"e214226\" data-element_type=\"widget\" data-e-type=\"widget\" data-settings=\"{&quot;sticky&quot;:&quot;top&quot;,&quot;sticky_on&quot;:[&quot;desktop&quot;,&quot;tablet&quot;],&quot;sticky_offset&quot;:80,&quot;sticky_offset_tablet&quot;:120,&quot;sticky_effects_offset&quot;:80,&quot;sticky_effects_offset_tablet&quot;:70,&quot;sticky_parent&quot;:&quot;yes&quot;,&quot;sticky_anchor_link_offset&quot;:0}\" data-widget_type=\"image.default\">\n\t\t\t\t<div class=\"elementor-widget-container\">\n\t\t\t\t\t\t\t\t\t\t\t\t\t\t\t<img fetchpriority=\"high\" decoding=\"async\" width=\"750\" height=\"1920\" src=\"https:\/\/advizeum.com\/wp-content\/uploads\/2024\/12\/damla-cihangir-detail-page.webp\" class=\"attachment-full size-full wp-image-990578\" alt=\"\" srcset=\"https:\/\/advizeum.com\/wp-content\/uploads\/2024\/12\/damla-cihangir-detail-page.webp 750w, https:\/\/advizeum.com\/wp-content\/uploads\/2024\/12\/damla-cihangir-detail-page-117x300.webp 117w, https:\/\/advizeum.com\/wp-content\/uploads\/2024\/12\/damla-cihangir-detail-page-400x1024.webp 400w, https:\/\/advizeum.com\/wp-content\/uploads\/2024\/12\/damla-cihangir-detail-page-600x1536.webp 600w\" sizes=\"(max-width: 750px) 100vw, 750px\" \/>\t\t\t\t\t\t\t\t\t\t\t\t\t\t\t<\/div>\n\t\t\t\t<\/div>\n\t\t\t\t\t<\/div>\n\t\t<\/div>\n\t\t\t\t<div class=\"elementor-column elementor-col-66 elementor-top-column elementor-element elementor-element-995f9d1\" data-id=\"995f9d1\" data-element_type=\"column\" data-e-type=\"column\">\n\t\t\t<div class=\"elementor-widget-wrap elementor-element-populated\">\n\t\t\t\t\t\t<div class=\"elementor-element elementor-element-5fe169f elementor-widget elementor-widget-text-editor\" data-id=\"5fe169f\" data-element_type=\"widget\" data-e-type=\"widget\" data-widget_type=\"text-editor.default\">\n\t\t\t\t<div class=\"elementor-widget-container\">\n\t\t\t\t\t\t\t\t\t<p><strong>Associate Professor Damla Cihangir-Tetik<br \/>Consultant <\/strong><\/p><p>Assoc. Prof. Damla Cihangir-Tetik is an academician and expert in International Relations (IR), European Union (EU) Politics and Governance, Turkish Politics and foreign policy, EU-T\u00fcrkiye-Southeast Asia relations, development and cooperation policy, emerging powers and global governance, and transparency. Currently, she is a part-time lecturer of IR at Istanbul Nisantasi University, T\u00fcrkiye, and the Fulbright University Vietnam (FUV).<\/p><p>Recently, she conducted a research project entitled \u201cForeign Policy Making: Media and Elite Perceptions of T\u00fcrkiye and the European Union in Vietnam\u201d at the Fulbright School of Public Policy and Management (FSPPM) in FUV, awarded by the Scientific and Technological Research Council of T\u00fcrkiye (T\u00dcB\u0130TAK). She is the first Turkish IR scholar who conducted field research in Vietnam, enriched her knowledge of Vietnam and Southeast Asia, and developed relations with Vietnamese, Turkish, and European officials, business people, and civil society members.<\/p><p>After graduating from Sabanci University, Social and Political Sciences (2007), Damla received the prestigious Jean Monnet Scholarship of the European Commission to conduct her graduate studies at King\u2019s College London in European Studies (2008). Later, she had her second M.A. in Southeast European Studies at the University of Athens (2009). During her M.A. studies in Athens, Greece, she worked as a researcher at the Hellenic Foundation for European and Foreign Policy (ELIAMEP). She worked as an expert and project coordinator at several think tanks and civil society organizations in Istanbul and Brussels, such as the Economic Development Foundation (IKV), Istanbul Policy Center (IPC), and Transparency International (TI) T\u00fcrkiye.<\/p><p>She was among the experts who actively lobbied for T\u00fcrkiye\u2019s EU accession with relevant stakeholders from Turkish and European business, academia, civil society, and governments. She authored several reports and publications and attended international conferences and meetings to support Turkish businesses\u2019 harmonization of EU rules and regulations. She coordinated international and EU-funded projects to increase transparency in politics and business and support political reform in T\u00fcrkiye.<\/p><p>Damla has received her Ph.D. degree in political science from Sabanci University, T\u00fcrkiye (2017). Her Ph.D. dissertation was on the role of the development and cooperation policies of T\u00fcrkiye and the EU in their relations and foreign policies. After receiving a Ph.D., she worked at Istanbul Topkapi University and later at Istanbul University, Faculty of Political Sciences, Political Science and International Relations Department between 2018 and 2024. Damla became an Associate Professor of IR in May 2024.<\/p><p>She has several academic publications in distinguished journals and books, including the <i>Journal of European Integration<\/i>, the <i>Journal of Balkan and Near Eastern Studies<\/i>, the Routledge Handbook of EU-Middle East Relations, and the Routledge Handbook of Parliamentary Administrations. She authors Op-Eds and short policy papers in online Turkish media networks. She has been participating in the most prestigious international academic conferences, including the International Studies Association (ISA) and the European Union Studies Association (EUSA) Conferences.<\/p>\t\t\t\t\t\t\t\t<\/div>\n\t\t\t\t<\/div>\n\t\t\t\t<div class=\"elementor-element elementor-element-209497a elementor-shape-circle elementor-grid-2 e-grid-align-left e-grid-align-mobile-left elementor-widget__width-auto elementor-widget elementor-widget-social-icons\" data-id=\"209497a\" data-element_type=\"widget\" data-e-type=\"widget\" data-widget_type=\"social-icons.default\">\n\t\t\t\t<div class=\"elementor-widget-container\">\n\t\t\t\t\t\t\t<div class=\"elementor-social-icons-wrapper elementor-grid\">\n\t\t\t\t\t\t\t<span class=\"elementor-grid-item\">\n\t\t\t\t\t<a class=\"elementor-icon elementor-social-icon elementor-social-icon-linkedin elementor-repeater-item-c7c5b59\" href=\"https:\/\/tr.linkedin.com\/in\/damla-cihangir-tetik-58542b14\" target=\"_blank\" rel=\"noopener noreferrer nofollow\">\n\t\t\t\t\t\t<span class=\"elementor-screen-only\">Linkedin<\/span>\n\t\t\t\t\t\t<svg aria-hidden=\"true\" class=\"e-font-icon-svg e-fab-linkedin\" viewBox=\"0 0 448 512\" xmlns=\"http:\/\/www.w3.org\/2000\/svg\"><path d=\"M416 32H31.9C14.3 32 0 46.5 0 64.3v383.4C0 465.5 14.3 480 31.9 480H416c17.6 0 32-14.5 32-32.3V64.3c0-17.8-14.4-32.3-32-32.3zM135.4 416H69V202.2h66.5V416zm-33.2-243c-21.3 0-38.5-17.3-38.5-38.5S80.9 96 102.2 96c21.2 0 38.5 17.3 38.5 38.5 0 21.3-17.2 38.5-38.5 38.5zm282.1 243h-66.4V312c0-24.8-.5-56.7-34.5-56.7-34.6 0-39.9 27-39.9 54.9V416h-66.4V202.2h63.7v29.2h.9c8.9-16.8 30.6-34.5 62.9-34.5 67.2 0 79.7 44.3 79.7 101.9V416z\"><\/path><\/svg>\t\t\t\t\t<\/a>\n\t\t\t\t<\/span>\n\t\t\t\t\t<\/div>\n\t\t\t\t\t\t<\/div>\n\t\t\t\t<\/div>\n\t\t\t\t<div class=\"vamtam-has-theme-widget-styles elementor-element elementor-element-0fa893c vamtam-has-underline-anim elementor-widget__width-auto elementor-widget elementor-widget-button\" data-id=\"0fa893c\" data-element_type=\"widget\" data-e-type=\"widget\" data-widget_type=\"button.default\">\n\t\t\t\t<div class=\"elementor-widget-container\">\n\t\t\t\t\t\t\t\t\t<div class=\"elementor-button-wrapper\">\n\t\t\t\t\t<a class=\"elementor-button elementor-button-link elementor-size-sm\" href=\"https:\/\/advizeum.com\/vi\/doi-ngu-cua-chung-toi\/\">\n\t\t\t\t\t\t<span class=\"elementor-button-content-wrapper\">\n\t\t\t\t\t\t\t\t\t<span class=\"elementor-button-text\">Back to Our Team<\/span>\n\t\t\t\t\t<\/span>\n\t\t\t\t\t<\/a>\n\t\t\t\t<\/div>\n\t\t\t\t\t\t\t\t<\/div>\n\t\t\t\t<\/div>\n\t\t\t\t\t<\/div>\n\t\t<\/div>\n\t\t\t\t\t<\/div>\n\t\t<\/section>\n\t\t\t\t<\/div>\n\t\t","protected":false},"excerpt":{"rendered":"<p>C\u1ed1 v\u1ea5n<\/p>\n","protected":false},"author":1,"featured_media":990577,"parent":990564,"menu_order":0,"comment_status":"closed","ping_status":"closed","template":"","meta":{"footnotes":""},"class_list":["post-990576","page","type-page","status-publish","has-post-thumbnail","hentry"],"_links":{"self":[{"href":"https:\/\/advizeum.com\/vi\/wp-json\/wp\/v2\/pages\/990576","targetHints":{"allow":["GET"]}}],"collection":[{"href":"https:\/\/advizeum.com\/vi\/wp-json\/wp\/v2\/pages"}],"about":[{"href":"https:\/\/advizeum.com\/vi\/wp-json\/wp\/v2\/types\/page"}],"author":[{"embeddable":true,"href":"https:\/\/advizeum.com\/vi\/wp-json\/wp\/v2\/users\/1"}],"replies":[{"embeddable":true,"href":"https:\/\/advizeum.com\/vi\/wp-json\/wp\/v2\/comments?post=990576"}],"version-history":[{"count":3,"href":"https:\/\/advizeum.com\/vi\/wp-json\/wp\/v2\/pages\/990576\/revisions"}],"predecessor-version":[{"id":990581,"href":"https:\/\/advizeum.com\/vi\/wp-json\/wp\/v2\/pages\/990576\/revisions\/990581"}],"up":[{"embeddable":true,"href":"https:\/\/advizeum.com\/vi\/wp-json\/wp\/v2\/pages\/990564"}],"wp:featuredmedia":[{"embeddable":true,"href":"https:\/\/advizeum.com\/vi\/wp-json\/wp\/v2\/media\/990577"}],"wp:attachment":[{"href":"https:\/\/advizeum.com\/vi\/wp-json\/wp\/v2\/media?parent=990576"}],"curies":[{"name":"wp","href":"https:\/\/api.w.org\/{rel}","templated":true}]}}