{"id":990564,"date":"2023-03-14T14:17:26","date_gmt":"2023-03-14T11:17:26","guid":{"rendered":"https:\/\/advizeum.com\/our-team\/"},"modified":"2024-12-29T15:59:42","modified_gmt":"2024-12-29T12:59:42","slug":"doi-ngu-cua-chung-toi","status":"publish","type":"page","link":"https:\/\/advizeum.com\/vi\/doi-ngu-cua-chung-toi\/","title":{"rendered":"\u0110\u1ed9i ng\u0169 c\u1ee7a ch\u00fang t\u00f4i"},"content":{"rendered":"\t\t<div data-elementor-type=\"wp-page\" data-elementor-id=\"990564\" class=\"elementor elementor-990564 elementor-1295\" data-elementor-post-type=\"page\">\n\t\t\t\t\t\t<section class=\"elementor-section elementor-top-section elementor-element elementor-element-f3e7416 elementor-section-boxed elementor-section-height-default elementor-section-height-default\" data-id=\"f3e7416\" data-element_type=\"section\" data-e-type=\"section\">\n\t\t\t\t\t\t<div class=\"elementor-container elementor-column-gap-default\">\n\t\t\t\t\t<div class=\"elementor-column elementor-col-100 elementor-top-column elementor-element elementor-element-aac80cf\" data-id=\"aac80cf\" data-element_type=\"column\" data-e-type=\"column\">\n\t\t\t<div class=\"elementor-widget-wrap elementor-element-populated\">\n\t\t\t\t\t\t<div class=\"elementor-element elementor-element-b27fcfd animated-slow elementor-invisible elementor-widget elementor-widget-heading\" data-id=\"b27fcfd\" data-element_type=\"widget\" data-e-type=\"widget\" data-settings=\"{&quot;_animation&quot;:&quot;fadeIn&quot;,&quot;_animation_tablet&quot;:&quot;none&quot;}\" data-widget_type=\"heading.default\">\n\t\t\t\t<div class=\"elementor-widget-container\">\n\t\t\t\t\t<h1 class=\"elementor-heading-title elementor-size-default\">\u0110\u1ed9i ng\u0169 c\u1ee7a ch\u00fang t\u00f4i<\/h1>\t\t\t\t<\/div>\n\t\t\t\t<\/div>\n\t\t\t\t<div class=\"elementor-element elementor-element-51c7589 animated-slow elementor-invisible elementor-widget elementor-widget-heading\" data-id=\"51c7589\" data-element_type=\"widget\" data-e-type=\"widget\" data-settings=\"{&quot;_animation&quot;:&quot;fadeIn&quot;,&quot;_animation_tablet&quot;:&quot;none&quot;,&quot;_animation_delay&quot;:300}\" data-widget_type=\"heading.default\">\n\t\t\t\t<div class=\"elementor-widget-container\">\n\t\t\t\t\t<p class=\"elementor-heading-title elementor-size-default\">C\u00e1c l\u00e3nh \u0111\u1ea1o gi\u00e0u ki\u1ebfn th\u1ee9c, kinh nghi\u1ec7m, k\u1ef9 n\u0103ng qu\u1ea3n l\u00fd d\u1ef1 \u00e1n chi\u1ebfn l\u01b0\u1ee3c.<\/p>\t\t\t\t<\/div>\n\t\t\t\t<\/div>\n\t\t\t\t<div class=\"elementor-element elementor-element-3e0e17b elementor-widget elementor-widget-spacer\" data-id=\"3e0e17b\" data-element_type=\"widget\" data-e-type=\"widget\" data-widget_type=\"spacer.default\">\n\t\t\t\t<div class=\"elementor-widget-container\">\n\t\t\t\t\t\t\t<div class=\"elementor-spacer\">\n\t\t\t<div class=\"elementor-spacer-inner\"><\/div>\n\t\t<\/div>\n\t\t\t\t\t\t<\/div>\n\t\t\t\t<\/div>\n\t\t\t\t\t<\/div>\n\t\t<\/div>\n\t\t\t\t\t<\/div>\n\t\t<\/section>\n\t\t\t\t<section class=\"elementor-section elementor-top-section elementor-element elementor-element-1fbb34f elementor-section-boxed elementor-section-height-default elementor-section-height-default\" data-id=\"1fbb34f\" data-element_type=\"section\" data-e-type=\"section\">\n\t\t\t\t\t\t<div class=\"elementor-container elementor-column-gap-default\">\n\t\t\t\t\t<div class=\"elementor-column elementor-col-100 elementor-top-column elementor-element elementor-element-ab5271d\" data-id=\"ab5271d\" data-element_type=\"column\" data-e-type=\"column\" data-settings=\"{&quot;background_background&quot;:&quot;classic&quot;}\">\n\t\t\t<div class=\"elementor-widget-wrap elementor-element-populated\">\n\t\t\t\t\t\t<div class=\"elementor-element elementor-element-dd317ad elementor-widget elementor-widget-spacer\" data-id=\"dd317ad\" data-element_type=\"widget\" data-e-type=\"widget\" data-widget_type=\"spacer.default\">\n\t\t\t\t<div class=\"elementor-widget-container\">\n\t\t\t\t\t\t\t<div class=\"elementor-spacer\">\n\t\t\t<div class=\"elementor-spacer-inner\"><\/div>\n\t\t<\/div>\n\t\t\t\t\t\t<\/div>\n\t\t\t\t<\/div>\n\t\t\t\t\t<\/div>\n\t\t<\/div>\n\t\t\t\t\t<\/div>\n\t\t<\/section>\n\t\t\t\t<section class=\"elementor-section elementor-top-section elementor-element elementor-element-f6cedbf elementor-section-boxed elementor-section-height-default elementor-section-height-default\" data-id=\"f6cedbf\" data-element_type=\"section\" data-e-type=\"section\">\n\t\t\t\t\t\t<div class=\"elementor-container elementor-column-gap-no\">\n\t\t\t\t\t<div class=\"elementor-column elementor-col-100 elementor-top-column elementor-element elementor-element-f31fb7a\" data-id=\"f31fb7a\" data-element_type=\"column\" data-e-type=\"column\">\n\t\t\t<div class=\"elementor-widget-wrap elementor-element-populated\">\n\t\t\t\t\t\t<div class=\"elementor-element elementor-element-7e2522f elementor-widget elementor-widget-text-editor\" data-id=\"7e2522f\" data-element_type=\"widget\" data-e-type=\"widget\" data-widget_type=\"text-editor.default\">\n\t\t\t\t<div class=\"elementor-widget-container\">\n\t\t\t\t\t\t\t\t\t<p>Quy m\u00f4 \u0111\u1ed9i ng\u0169 gi\u00fap ch\u00fang t\u00f4i ho\u1ea1t \u0111\u1ed9ng linh ho\u1ea1t, th\u00edch \u1ee9ng nhanh ch\u00f3ng v\u00e0 d\u1ec5 d\u00e0ng \u0111i\u1ec1u ch\u1ec9nh gi\u1ea3i ph\u00e1p c\u1ee7a m\u00ecnh \u0111\u1ec3 \u0111\u00e1p \u1ee9ng \u0111\u01b0\u1ee3c nhu c\u1ea7u c\u1ee7a kh\u00e1ch h\u00e0ng. V\u1edbi s\u1ef1 \u0111a d\u1ea1ng v\u1ec1 n\u1ec1n t\u1ea3ng, l\u0129nh v\u1ef1c v\u00e0 k\u1ef9 n\u0103ng, \u0111\u1ed9i ng\u0169 c\u1ee7a ch\u00fang t\u00f4i k\u1ebft h\u1ee3p chuy\u00ean m\u00f4n c\u1ee7a t\u1eadp th\u1ec3 \u0111\u1ec3 \u0111\u01b0a ra gi\u1ea3i ph\u00e1p ph\u00f9 h\u1ee3p v\u00e0 hi\u1ec7u qu\u1ea3 cho nh\u1eefng v\u1ea5n \u0111\u1ec1 c\u1ea5p b\u00e1ch c\u1ee7a b\u1ea1n. Khi c\u1ea7n, ch\u00fang t\u00f4i h\u1ee3p t\u00e1c v\u1edbi c\u00e1c chuy\u00ean gia \u0111\u00e1ng tin c\u1eady t\u1eeb m\u1ea1ng l\u01b0\u1edbi r\u1ed9ng kh\u1eafp c\u1ee7a m\u00ecnh, nh\u1eb1m th\u00fac \u0111\u1ea9y s\u1ef1 ph\u00e1t tri\u1ec3n mang t\u00ednh chuy\u1ec3n \u0111\u1ed5i cho kh\u00e1ch h\u00e0ng v\u00e0 n\u00e2ng cao s\u1ee9c kh\u1ecfe c\u1ed9ng \u0111\u1ed3ng.<\/p>\t\t\t\t\t\t\t\t<\/div>\n\t\t\t\t<\/div>\n\t\t\t\t\t<\/div>\n\t\t<\/div>\n\t\t\t\t\t<\/div>\n\t\t<\/section>\n\t\t\t\t<section class=\"elementor-section elementor-top-section elementor-element elementor-element-032daf3 elementor-section-boxed elementor-section-height-default elementor-section-height-default\" data-id=\"032daf3\" data-element_type=\"section\" data-e-type=\"section\">\n\t\t\t\t\t\t<div class=\"elementor-container elementor-column-gap-no\">\n\t\t\t\t\t<div class=\"elementor-column elementor-col-100 elementor-top-column elementor-element elementor-element-6950a81\" data-id=\"6950a81\" data-element_type=\"column\" data-e-type=\"column\">\n\t\t\t<div class=\"elementor-widget-wrap elementor-element-populated\">\n\t\t\t\t\t\t<div class=\"elementor-element elementor-element-6a4b120 elementor-widget elementor-widget-heading\" data-id=\"6a4b120\" data-element_type=\"widget\" data-e-type=\"widget\" data-widget_type=\"heading.default\">\n\t\t\t\t<div class=\"elementor-widget-container\">\n\t\t\t\t\t<h2 class=\"elementor-heading-title elementor-size-default\">\u0110\u1ed9i ng\u0169 c\u1ee7a ch\u00fang t\u00f4i<\/h2>\t\t\t\t<\/div>\n\t\t\t\t<\/div>\n\t\t\t\t\t<\/div>\n\t\t<\/div>\n\t\t\t\t\t<\/div>\n\t\t<\/section>\n\t\t\t\t<section class=\"elementor-section elementor-top-section elementor-element elementor-element-1b88ffa elementor-section-boxed elementor-section-height-default elementor-section-height-default\" data-id=\"1b88ffa\" data-element_type=\"section\" data-e-type=\"section\">\n\t\t\t\t\t\t<div class=\"elementor-container elementor-column-gap-no\">\n\t\t\t\t\t<div class=\"elementor-column elementor-col-100 elementor-top-column elementor-element elementor-element-c9b140c\" data-id=\"c9b140c\" data-element_type=\"column\" data-e-type=\"column\">\n\t\t\t<div class=\"elementor-widget-wrap elementor-element-populated\">\n\t\t\t\t\t\t<div class=\"vamtam-has-theme-widget-styles elementor-element elementor-element-56e0b39 elementor-posts--align-center elementor-grid-tablet-3 elementor-grid-3 elementor-grid-mobile-1 elementor-posts--thumbnail-top elementor-widget elementor-widget-posts\" data-id=\"56e0b39\" data-element_type=\"widget\" data-e-type=\"widget\" data-settings=\"{&quot;classic_row_gap&quot;:{&quot;unit&quot;:&quot;px&quot;,&quot;size&quot;:30,&quot;sizes&quot;:[]},&quot;classic_columns_tablet&quot;:&quot;3&quot;,&quot;classic_row_gap_mobile&quot;:{&quot;unit&quot;:&quot;px&quot;,&quot;size&quot;:50,&quot;sizes&quot;:[]},&quot;classic_columns&quot;:&quot;3&quot;,&quot;classic_columns_mobile&quot;:&quot;1&quot;,&quot;classic_row_gap_tablet&quot;:{&quot;unit&quot;:&quot;px&quot;,&quot;size&quot;:&quot;&quot;,&quot;sizes&quot;:[]}}\" data-widget_type=\"posts.classic\">\n\t\t\t\t<div class=\"elementor-widget-container\">\n\t\t\t\t\t\t\t<div class=\"elementor-posts-container elementor-posts elementor-posts--skin-classic elementor-grid\" role=\"list\">\n\t\t\t\t<article class=\"elementor-post elementor-grid-item post-990570 page type-page status-publish has-post-thumbnail hentry\" role=\"listitem\">\n\t\t\t\t<a class=\"elementor-post__thumbnail__link\" href=\"https:\/\/advizeum.com\/vi\/doi-ngu-cua-chung-toi\/emin-turan\/\" tabindex=\"-1\" >\n\t\t\t<div class=\"elementor-post__thumbnail\"><img fetchpriority=\"high\" decoding=\"async\" width=\"1359\" height=\"1080\" src=\"https:\/\/advizeum.com\/wp-content\/uploads\/2024\/12\/emin-turan-headshot.webp\" class=\"attachment-full size-full wp-image-990572\" alt=\"\" srcset=\"https:\/\/advizeum.com\/wp-content\/uploads\/2024\/12\/emin-turan-headshot.webp 1359w, https:\/\/advizeum.com\/wp-content\/uploads\/2024\/12\/emin-turan-headshot-300x238.webp 300w, https:\/\/advizeum.com\/wp-content\/uploads\/2024\/12\/emin-turan-headshot-1024x814.webp 1024w, https:\/\/advizeum.com\/wp-content\/uploads\/2024\/12\/emin-turan-headshot-768x610.webp 768w\" sizes=\"(max-width: 1359px) 100vw, 1359px\" \/><\/div>\n\t\t<\/a>\n\t\t\t\t<div class=\"elementor-post__text\">\n\t\t\t\t<h5 class=\"elementor-post__title\">\n\t\t\t<a href=\"https:\/\/advizeum.com\/vi\/doi-ngu-cua-chung-toi\/emin-turan\/\" >\n\t\t\t\tEmin Turan\t\t\t<\/a>\n\t\t<\/h5>\n\t\t\t\t<div class=\"elementor-post__excerpt\">\n\t\t\t<p>Ng\u01b0\u1eddi s\u00e1ng l\u1eadp<\/p>\n\t\t<\/div>\n\t\t\t\t<\/div>\n\t\t\t\t<\/article>\n\t\t\t\t<article class=\"elementor-post elementor-grid-item post-990576 page type-page status-publish has-post-thumbnail hentry\" role=\"listitem\">\n\t\t\t\t<a class=\"elementor-post__thumbnail__link\" href=\"https:\/\/advizeum.com\/vi\/doi-ngu-cua-chung-toi\/damla-cihangir-tetik\/\" tabindex=\"-1\" >\n\t\t\t<div class=\"elementor-post__thumbnail\"><img decoding=\"async\" width=\"1359\" height=\"1080\" src=\"https:\/\/advizeum.com\/wp-content\/uploads\/2024\/12\/damla-cihangir-headshot.webp\" class=\"attachment-full size-full wp-image-990577\" alt=\"\" srcset=\"https:\/\/advizeum.com\/wp-content\/uploads\/2024\/12\/damla-cihangir-headshot.webp 1359w, https:\/\/advizeum.com\/wp-content\/uploads\/2024\/12\/damla-cihangir-headshot-300x238.webp 300w, https:\/\/advizeum.com\/wp-content\/uploads\/2024\/12\/damla-cihangir-headshot-1024x814.webp 1024w, https:\/\/advizeum.com\/wp-content\/uploads\/2024\/12\/damla-cihangir-headshot-768x610.webp 768w\" sizes=\"(max-width: 1359px) 100vw, 1359px\" \/><\/div>\n\t\t<\/a>\n\t\t\t\t<div class=\"elementor-post__text\">\n\t\t\t\t<h5 class=\"elementor-post__title\">\n\t\t\t<a href=\"https:\/\/advizeum.com\/vi\/doi-ngu-cua-chung-toi\/damla-cihangir-tetik\/\" >\n\t\t\t\tDamla Cihangir-Tetik\t\t\t<\/a>\n\t\t<\/h5>\n\t\t\t\t<div class=\"elementor-post__excerpt\">\n\t\t\t<p>C\u1ed1 v\u1ea5n<\/p>\n\t\t<\/div>\n\t\t\t\t<\/div>\n\t\t\t\t<\/article>\n\t\t\t\t<article class=\"elementor-post elementor-grid-item post-990582 page type-page status-publish has-post-thumbnail hentry\" role=\"listitem\">\n\t\t\t\t<a class=\"elementor-post__thumbnail__link\" href=\"https:\/\/advizeum.com\/vi\/doi-ngu-cua-chung-toi\/umut-turan\/\" tabindex=\"-1\" >\n\t\t\t<div class=\"elementor-post__thumbnail\"><img decoding=\"async\" width=\"1359\" height=\"1080\" src=\"https:\/\/advizeum.com\/wp-content\/uploads\/2024\/12\/umut-turan-headshot.webp\" class=\"attachment-full size-full wp-image-990583\" alt=\"\" srcset=\"https:\/\/advizeum.com\/wp-content\/uploads\/2024\/12\/umut-turan-headshot.webp 1359w, https:\/\/advizeum.com\/wp-content\/uploads\/2024\/12\/umut-turan-headshot-300x238.webp 300w, https:\/\/advizeum.com\/wp-content\/uploads\/2024\/12\/umut-turan-headshot-1024x814.webp 1024w, https:\/\/advizeum.com\/wp-content\/uploads\/2024\/12\/umut-turan-headshot-768x610.webp 768w\" sizes=\"(max-width: 1359px) 100vw, 1359px\" \/><\/div>\n\t\t<\/a>\n\t\t\t\t<div class=\"elementor-post__text\">\n\t\t\t\t<h5 class=\"elementor-post__title\">\n\t\t\t<a href=\"https:\/\/advizeum.com\/vi\/doi-ngu-cua-chung-toi\/umut-turan\/\" >\n\t\t\t\tUmut Turan\t\t\t<\/a>\n\t\t<\/h5>\n\t\t\t\t<div class=\"elementor-post__excerpt\">\n\t\t\t<p>Qu\u1ea3n l\u00fd D\u1ef1 \u00c1n<\/p>\n\t\t<\/div>\n\t\t\t\t<\/div>\n\t\t\t\t<\/article>\n\t\t\t\t<\/div>\n\t\t\n\t\t\t\t\t\t<\/div>\n\t\t\t\t<\/div>\n\t\t\t\t\t<\/div>\n\t\t<\/div>\n\t\t\t\t\t<\/div>\n\t\t<\/section>\n\t\t\t\t<\/div>\n\t\t","protected":false},"excerpt":{"rendered":"<p>\u0110\u1ed9i ng\u0169 c\u1ee7a ch\u00fang t\u00f4i C\u00e1c l\u00e3nh \u0111\u1ea1o gi\u00e0u ki\u1ebfn th\u1ee9c, kinh nghi\u1ec7m, k\u1ef9 n\u0103ng qu\u1ea3n l\u00fd d\u1ef1 \u00e1n chi\u1ebfn l\u01b0\u1ee3c. Quy m\u00f4 \u0111\u1ed9i ng\u0169 gi\u00fap ch\u00fang t\u00f4i ho\u1ea1t \u0111\u1ed9ng linh ho\u1ea1t, th\u00edch \u1ee9ng nhanh ch\u00f3ng v\u00e0 d\u1ec5 d\u00e0ng \u0111i\u1ec1u ch\u1ec9nh gi\u1ea3i ph\u00e1p c\u1ee7a m\u00ecnh \u0111\u1ec3 \u0111\u00e1p \u1ee9ng \u0111\u01b0\u1ee3c nhu c\u1ea7u c\u1ee7a kh\u00e1ch h\u00e0ng. V\u1edbi&#8230;<\/p>\n","protected":false},"author":1,"featured_media":0,"parent":0,"menu_order":0,"comment_status":"closed","ping_status":"closed","template":"","meta":{"footnotes":""},"class_list":["post-990564","page","type-page","status-publish","hentry"],"_links":{"self":[{"href":"https:\/\/advizeum.com\/vi\/wp-json\/wp\/v2\/pages\/990564","targetHints":{"allow":["GET"]}}],"collection":[{"href":"https:\/\/advizeum.com\/vi\/wp-json\/wp\/v2\/pages"}],"about":[{"href":"https:\/\/advizeum.com\/vi\/wp-json\/wp\/v2\/types\/page"}],"author":[{"embeddable":true,"href":"https:\/\/advizeum.com\/vi\/wp-json\/wp\/v2\/users\/1"}],"replies":[{"embeddable":true,"href":"https:\/\/advizeum.com\/vi\/wp-json\/wp\/v2\/comments?post=990564"}],"version-history":[{"count":10,"href":"https:\/\/advizeum.com\/vi\/wp-json\/wp\/v2\/pages\/990564\/revisions"}],"predecessor-version":[{"id":990997,"href":"https:\/\/advizeum.com\/vi\/wp-json\/wp\/v2\/pages\/990564\/revisions\/990997"}],"wp:attachment":[{"href":"https:\/\/advizeum.com\/vi\/wp-json\/wp\/v2\/media?parent=990564"}],"curies":[{"name":"wp","href":"https:\/\/api.w.org\/{rel}","templated":true}]}}