{"id":990045,"date":"2023-03-14T14:17:26","date_gmt":"2023-03-14T11:17:26","guid":{"rendered":"https:\/\/advizeum.com\/our-team\/"},"modified":"2024-12-06T09:39:30","modified_gmt":"2024-12-06T06:39:30","slug":"ekibimiz","status":"publish","type":"page","link":"https:\/\/advizeum.com\/tr\/ekibimiz\/","title":{"rendered":"Ekibimiz"},"content":{"rendered":"\t\t<div data-elementor-type=\"wp-page\" data-elementor-id=\"990045\" class=\"elementor elementor-990045 elementor-1295\" data-elementor-post-type=\"page\">\n\t\t\t\t\t\t<section class=\"elementor-section elementor-top-section elementor-element elementor-element-f3e7416 elementor-section-boxed elementor-section-height-default elementor-section-height-default\" data-id=\"f3e7416\" data-element_type=\"section\" data-e-type=\"section\">\n\t\t\t\t\t\t<div class=\"elementor-container elementor-column-gap-default\">\n\t\t\t\t\t<div class=\"elementor-column elementor-col-100 elementor-top-column elementor-element elementor-element-aac80cf\" data-id=\"aac80cf\" data-element_type=\"column\" data-e-type=\"column\">\n\t\t\t<div class=\"elementor-widget-wrap elementor-element-populated\">\n\t\t\t\t\t\t<div class=\"elementor-element elementor-element-b27fcfd animated-slow elementor-invisible elementor-widget elementor-widget-heading\" data-id=\"b27fcfd\" data-element_type=\"widget\" data-e-type=\"widget\" data-settings=\"{&quot;_animation&quot;:&quot;fadeIn&quot;,&quot;_animation_tablet&quot;:&quot;none&quot;}\" data-widget_type=\"heading.default\">\n\t\t\t\t<div class=\"elementor-widget-container\">\n\t\t\t\t\t<h1 class=\"elementor-heading-title elementor-size-default\">Ekibimiz<\/h1>\t\t\t\t<\/div>\n\t\t\t\t<\/div>\n\t\t\t\t<div class=\"elementor-element elementor-element-51c7589 animated-slow elementor-invisible elementor-widget elementor-widget-heading\" data-id=\"51c7589\" data-element_type=\"widget\" data-e-type=\"widget\" data-settings=\"{&quot;_animation&quot;:&quot;fadeIn&quot;,&quot;_animation_tablet&quot;:&quot;none&quot;,&quot;_animation_delay&quot;:300}\" data-widget_type=\"heading.default\">\n\t\t\t\t<div class=\"elementor-widget-container\">\n\t\t\t\t\t<p class=\"elementor-heading-title elementor-size-default\">Deneyimli liderler, akademik bak\u0131\u015f a\u00e7\u0131lar\u0131, stratejik proje y\u00f6netimi becerileri.<\/p>\t\t\t\t<\/div>\n\t\t\t\t<\/div>\n\t\t\t\t<div class=\"elementor-element elementor-element-3e0e17b elementor-widget elementor-widget-spacer\" data-id=\"3e0e17b\" data-element_type=\"widget\" data-e-type=\"widget\" data-widget_type=\"spacer.default\">\n\t\t\t\t<div class=\"elementor-widget-container\">\n\t\t\t\t\t\t\t<div class=\"elementor-spacer\">\n\t\t\t<div class=\"elementor-spacer-inner\"><\/div>\n\t\t<\/div>\n\t\t\t\t\t\t<\/div>\n\t\t\t\t<\/div>\n\t\t\t\t\t<\/div>\n\t\t<\/div>\n\t\t\t\t\t<\/div>\n\t\t<\/section>\n\t\t\t\t<section class=\"elementor-section elementor-top-section elementor-element elementor-element-1fbb34f elementor-section-boxed elementor-section-height-default elementor-section-height-default\" data-id=\"1fbb34f\" data-element_type=\"section\" data-e-type=\"section\">\n\t\t\t\t\t\t<div class=\"elementor-container elementor-column-gap-default\">\n\t\t\t\t\t<div class=\"elementor-column elementor-col-100 elementor-top-column elementor-element elementor-element-ab5271d\" data-id=\"ab5271d\" data-element_type=\"column\" data-e-type=\"column\" data-settings=\"{&quot;background_background&quot;:&quot;classic&quot;}\">\n\t\t\t<div class=\"elementor-widget-wrap elementor-element-populated\">\n\t\t\t\t\t\t<div class=\"elementor-element elementor-element-dd317ad elementor-widget elementor-widget-spacer\" data-id=\"dd317ad\" data-element_type=\"widget\" data-e-type=\"widget\" data-widget_type=\"spacer.default\">\n\t\t\t\t<div class=\"elementor-widget-container\">\n\t\t\t\t\t\t\t<div class=\"elementor-spacer\">\n\t\t\t<div class=\"elementor-spacer-inner\"><\/div>\n\t\t<\/div>\n\t\t\t\t\t\t<\/div>\n\t\t\t\t<\/div>\n\t\t\t\t\t<\/div>\n\t\t<\/div>\n\t\t\t\t\t<\/div>\n\t\t<\/section>\n\t\t\t\t<section class=\"elementor-section elementor-top-section elementor-element elementor-element-f6cedbf elementor-section-boxed elementor-section-height-default elementor-section-height-default\" data-id=\"f6cedbf\" data-element_type=\"section\" data-e-type=\"section\">\n\t\t\t\t\t\t<div class=\"elementor-container elementor-column-gap-no\">\n\t\t\t\t\t<div class=\"elementor-column elementor-col-100 elementor-top-column elementor-element elementor-element-f31fb7a\" data-id=\"f31fb7a\" data-element_type=\"column\" data-e-type=\"column\">\n\t\t\t<div class=\"elementor-widget-wrap elementor-element-populated\">\n\t\t\t\t\t\t<div class=\"elementor-element elementor-element-7e2522f elementor-widget elementor-widget-text-editor\" data-id=\"7e2522f\" data-element_type=\"widget\" data-e-type=\"widget\" data-widget_type=\"text-editor.default\">\n\t\t\t\t<div class=\"elementor-widget-container\">\n\t\t\t\t\t\t\t\t\t<p>Ekibimizin yap\u0131s\u0131, \u00e7evik olmam\u0131z\u0131, h\u0131zla uyum sa\u011flamam\u0131z\u0131 ve yakla\u015f\u0131m\u0131m\u0131z\u0131 her m\u00fc\u015fteriye \u00f6zg\u00fc ihtiya\u00e7lar\u0131 kar\u015f\u0131layacak \u015fekilde uyarlayabilmemizi sa\u011fl\u0131yor. Farkl\u0131<br \/>tecr\u00fcbe ve yeteneklere sahip ekip bireyleri olarak, zorluklarla ba\u015fa \u00e7\u0131kmak ve etkili, size \u00f6zel \u00e7\u00f6z\u00fcmler sunmak i\u00e7in kolektif uzmanl\u0131\u011f\u0131m\u0131z\u0131 kullan\u0131yoruz. Gerekti\u011finde, m\u00fc\u015fterilerimiz i\u00e7in yap\u0131sal b\u00fcy\u00fcme misyonumuzla uyumlu, geni\u015f a\u011f\u0131m\u0131zdan g\u00fcvenilir farkl\u0131 uzmanlarla i\u015f birli\u011fi de yap\u0131yoruz.<\/p>\t\t\t\t\t\t\t\t<\/div>\n\t\t\t\t<\/div>\n\t\t\t\t\t<\/div>\n\t\t<\/div>\n\t\t\t\t\t<\/div>\n\t\t<\/section>\n\t\t\t\t<section class=\"elementor-section elementor-top-section elementor-element elementor-element-032daf3 elementor-section-boxed elementor-section-height-default elementor-section-height-default\" data-id=\"032daf3\" data-element_type=\"section\" data-e-type=\"section\">\n\t\t\t\t\t\t<div class=\"elementor-container elementor-column-gap-no\">\n\t\t\t\t\t<div class=\"elementor-column elementor-col-100 elementor-top-column elementor-element elementor-element-6950a81\" data-id=\"6950a81\" data-element_type=\"column\" data-e-type=\"column\">\n\t\t\t<div class=\"elementor-widget-wrap elementor-element-populated\">\n\t\t\t\t\t\t<div class=\"elementor-element elementor-element-6a4b120 elementor-widget elementor-widget-heading\" data-id=\"6a4b120\" data-element_type=\"widget\" data-e-type=\"widget\" data-widget_type=\"heading.default\">\n\t\t\t\t<div class=\"elementor-widget-container\">\n\t\t\t\t\t<h2 class=\"elementor-heading-title elementor-size-default\">Advizeum Ekibi<\/h2>\t\t\t\t<\/div>\n\t\t\t\t<\/div>\n\t\t\t\t\t<\/div>\n\t\t<\/div>\n\t\t\t\t\t<\/div>\n\t\t<\/section>\n\t\t\t\t<section class=\"elementor-section elementor-top-section elementor-element elementor-element-1b88ffa elementor-section-boxed elementor-section-height-default elementor-section-height-default\" data-id=\"1b88ffa\" data-element_type=\"section\" data-e-type=\"section\">\n\t\t\t\t\t\t<div class=\"elementor-container elementor-column-gap-no\">\n\t\t\t\t\t<div class=\"elementor-column elementor-col-100 elementor-top-column elementor-element elementor-element-c9b140c\" data-id=\"c9b140c\" data-element_type=\"column\" data-e-type=\"column\">\n\t\t\t<div class=\"elementor-widget-wrap elementor-element-populated\">\n\t\t\t\t\t\t<div class=\"vamtam-has-theme-widget-styles elementor-element elementor-element-56e0b39 elementor-posts--align-center elementor-grid-tablet-3 elementor-grid-3 elementor-grid-mobile-1 elementor-posts--thumbnail-top elementor-widget elementor-widget-posts\" data-id=\"56e0b39\" data-element_type=\"widget\" data-e-type=\"widget\" data-settings=\"{&quot;classic_row_gap&quot;:{&quot;unit&quot;:&quot;px&quot;,&quot;size&quot;:30,&quot;sizes&quot;:[]},&quot;classic_columns_tablet&quot;:&quot;3&quot;,&quot;classic_row_gap_mobile&quot;:{&quot;unit&quot;:&quot;px&quot;,&quot;size&quot;:50,&quot;sizes&quot;:[]},&quot;classic_columns&quot;:&quot;3&quot;,&quot;classic_columns_mobile&quot;:&quot;1&quot;,&quot;classic_row_gap_tablet&quot;:{&quot;unit&quot;:&quot;px&quot;,&quot;size&quot;:&quot;&quot;,&quot;sizes&quot;:[]}}\" data-widget_type=\"posts.classic\">\n\t\t\t\t<div class=\"elementor-widget-container\">\n\t\t\t\t\t\t\t<div class=\"elementor-posts-container elementor-posts elementor-posts--skin-classic elementor-grid\" role=\"list\">\n\t\t\t\t<article class=\"elementor-post elementor-grid-item post-990055 page type-page status-publish has-post-thumbnail hentry\" role=\"listitem\">\n\t\t\t\t<a class=\"elementor-post__thumbnail__link\" href=\"https:\/\/advizeum.com\/tr\/ekibimiz\/emin-turan\/\" tabindex=\"-1\" >\n\t\t\t<div class=\"elementor-post__thumbnail\"><img fetchpriority=\"high\" decoding=\"async\" width=\"1359\" height=\"1080\" src=\"https:\/\/advizeum.com\/wp-content\/uploads\/2024\/12\/emin-turan-headshot.webp\" class=\"attachment-full size-full wp-image-990378\" alt=\"\" srcset=\"https:\/\/advizeum.com\/wp-content\/uploads\/2024\/12\/emin-turan-headshot.webp 1359w, https:\/\/advizeum.com\/wp-content\/uploads\/2024\/12\/emin-turan-headshot-300x238.webp 300w, https:\/\/advizeum.com\/wp-content\/uploads\/2024\/12\/emin-turan-headshot-1024x814.webp 1024w, https:\/\/advizeum.com\/wp-content\/uploads\/2024\/12\/emin-turan-headshot-768x610.webp 768w\" sizes=\"(max-width: 1359px) 100vw, 1359px\" \/><\/div>\n\t\t<\/a>\n\t\t\t\t<div class=\"elementor-post__text\">\n\t\t\t\t<h5 class=\"elementor-post__title\">\n\t\t\t<a href=\"https:\/\/advizeum.com\/tr\/ekibimiz\/emin-turan\/\" >\n\t\t\t\tEmin Turan\t\t\t<\/a>\n\t\t<\/h5>\n\t\t\t\t<div class=\"elementor-post__excerpt\">\n\t\t\t<p>Kurucu<\/p>\n\t\t<\/div>\n\t\t\t\t<\/div>\n\t\t\t\t<\/article>\n\t\t\t\t<article class=\"elementor-post elementor-grid-item post-990051 page type-page status-publish has-post-thumbnail hentry\" role=\"listitem\">\n\t\t\t\t<a class=\"elementor-post__thumbnail__link\" href=\"https:\/\/advizeum.com\/tr\/ekibimiz\/damla-cihangir-tetik\/\" tabindex=\"-1\" >\n\t\t\t<div class=\"elementor-post__thumbnail\"><img decoding=\"async\" width=\"1359\" height=\"1080\" src=\"https:\/\/advizeum.com\/wp-content\/uploads\/2024\/12\/damla-cihangir-headshot.webp\" class=\"attachment-full size-full wp-image-990373\" alt=\"\" srcset=\"https:\/\/advizeum.com\/wp-content\/uploads\/2024\/12\/damla-cihangir-headshot.webp 1359w, https:\/\/advizeum.com\/wp-content\/uploads\/2024\/12\/damla-cihangir-headshot-300x238.webp 300w, https:\/\/advizeum.com\/wp-content\/uploads\/2024\/12\/damla-cihangir-headshot-1024x814.webp 1024w, https:\/\/advizeum.com\/wp-content\/uploads\/2024\/12\/damla-cihangir-headshot-768x610.webp 768w\" sizes=\"(max-width: 1359px) 100vw, 1359px\" \/><\/div>\n\t\t<\/a>\n\t\t\t\t<div class=\"elementor-post__text\">\n\t\t\t\t<h5 class=\"elementor-post__title\">\n\t\t\t<a href=\"https:\/\/advizeum.com\/tr\/ekibimiz\/damla-cihangir-tetik\/\" >\n\t\t\t\tDamla Cihangir-Tetik\t\t\t<\/a>\n\t\t<\/h5>\n\t\t\t\t<div class=\"elementor-post__excerpt\">\n\t\t\t<p>Dan\u0131\u015fman<\/p>\n\t\t<\/div>\n\t\t\t\t<\/div>\n\t\t\t\t<\/article>\n\t\t\t\t<article class=\"elementor-post elementor-grid-item post-990060 page type-page status-publish has-post-thumbnail hentry\" role=\"listitem\">\n\t\t\t\t<a class=\"elementor-post__thumbnail__link\" href=\"https:\/\/advizeum.com\/tr\/ekibimiz\/umut-turan\/\" tabindex=\"-1\" >\n\t\t\t<div class=\"elementor-post__thumbnail\"><img decoding=\"async\" width=\"1359\" height=\"1080\" src=\"https:\/\/advizeum.com\/wp-content\/uploads\/2024\/12\/umut-turan-headshot.webp\" class=\"attachment-full size-full wp-image-990383\" alt=\"\" srcset=\"https:\/\/advizeum.com\/wp-content\/uploads\/2024\/12\/umut-turan-headshot.webp 1359w, https:\/\/advizeum.com\/wp-content\/uploads\/2024\/12\/umut-turan-headshot-300x238.webp 300w, https:\/\/advizeum.com\/wp-content\/uploads\/2024\/12\/umut-turan-headshot-1024x814.webp 1024w, https:\/\/advizeum.com\/wp-content\/uploads\/2024\/12\/umut-turan-headshot-768x610.webp 768w\" sizes=\"(max-width: 1359px) 100vw, 1359px\" \/><\/div>\n\t\t<\/a>\n\t\t\t\t<div class=\"elementor-post__text\">\n\t\t\t\t<h5 class=\"elementor-post__title\">\n\t\t\t<a href=\"https:\/\/advizeum.com\/tr\/ekibimiz\/umut-turan\/\" >\n\t\t\t\tUmut Turan\t\t\t<\/a>\n\t\t<\/h5>\n\t\t\t\t<div class=\"elementor-post__excerpt\">\n\t\t\t<p>Proje Y\u00f6neticisi<\/p>\n\t\t<\/div>\n\t\t\t\t<\/div>\n\t\t\t\t<\/article>\n\t\t\t\t<\/div>\n\t\t\n\t\t\t\t\t\t<\/div>\n\t\t\t\t<\/div>\n\t\t\t\t\t<\/div>\n\t\t<\/div>\n\t\t\t\t\t<\/div>\n\t\t<\/section>\n\t\t\t\t<\/div>\n\t\t","protected":false},"excerpt":{"rendered":"<p>Ekibimiz Deneyimli liderler, akademik bak\u0131\u015f a\u00e7\u0131lar\u0131, stratejik proje y\u00f6netimi becerileri. Ekibimizin yap\u0131s\u0131, \u00e7evik olmam\u0131z\u0131, h\u0131zla uyum sa\u011flamam\u0131z\u0131 ve yakla\u015f\u0131m\u0131m\u0131z\u0131 her m\u00fc\u015fteriye \u00f6zg\u00fc ihtiya\u00e7lar\u0131 kar\u015f\u0131layacak \u015fekilde uyarlayabilmemizi sa\u011fl\u0131yor. Farkl\u0131tecr\u00fcbe ve yeteneklere sahip ekip bireyleri olarak, zorluklarla ba\u015fa \u00e7\u0131kmak ve etkili, size \u00f6zel \u00e7\u00f6z\u00fcmler sunmak i\u00e7in kolektif uzmanl\u0131\u011f\u0131m\u0131z\u0131 kullan\u0131yoruz. Gerekti\u011finde, m\u00fc\u015fterilerimiz i\u00e7in yap\u0131sal b\u00fcy\u00fcme misyonumuzla uyumlu, geni\u015f&#8230;<\/p>\n","protected":false},"author":1,"featured_media":0,"parent":0,"menu_order":0,"comment_status":"closed","ping_status":"closed","template":"","meta":{"footnotes":""},"class_list":["post-990045","page","type-page","status-publish","hentry"],"_links":{"self":[{"href":"https:\/\/advizeum.com\/tr\/wp-json\/wp\/v2\/pages\/990045","targetHints":{"allow":["GET"]}}],"collection":[{"href":"https:\/\/advizeum.com\/tr\/wp-json\/wp\/v2\/pages"}],"about":[{"href":"https:\/\/advizeum.com\/tr\/wp-json\/wp\/v2\/types\/page"}],"author":[{"embeddable":true,"href":"https:\/\/advizeum.com\/tr\/wp-json\/wp\/v2\/users\/1"}],"replies":[{"embeddable":true,"href":"https:\/\/advizeum.com\/tr\/wp-json\/wp\/v2\/comments?post=990045"}],"version-history":[{"count":10,"href":"https:\/\/advizeum.com\/tr\/wp-json\/wp\/v2\/pages\/990045\/revisions"}],"predecessor-version":[{"id":990287,"href":"https:\/\/advizeum.com\/tr\/wp-json\/wp\/v2\/pages\/990045\/revisions\/990287"}],"wp:attachment":[{"href":"https:\/\/advizeum.com\/tr\/wp-json\/wp\/v2\/media?parent=990045"}],"curies":[{"name":"wp","href":"https:\/\/api.w.org\/{rel}","templated":true}]}}