{"id":990029,"date":"2024-11-30T19:32:19","date_gmt":"2024-11-30T16:32:19","guid":{"rendered":"https:\/\/advizeum.com\/legal-disclaimer\/"},"modified":"2024-12-05T17:45:37","modified_gmt":"2024-12-05T17:45:37","slug":"yasal-uyari","status":"publish","type":"page","link":"https:\/\/advizeum.com\/tr\/yasal-uyari\/","title":{"rendered":"Yasal Uyar\u0131"},"content":{"rendered":"\t\t<div data-elementor-type=\"wp-page\" data-elementor-id=\"990029\" class=\"elementor elementor-990029 elementor-988545\" data-elementor-post-type=\"page\">\n\t\t\t\t\t\t<section class=\"elementor-section elementor-top-section elementor-element elementor-element-6c5644c elementor-section-boxed elementor-section-height-default elementor-section-height-default\" data-id=\"6c5644c\" data-element_type=\"section\" data-e-type=\"section\">\n\t\t\t\t\t\t<div class=\"elementor-container elementor-column-gap-default\">\n\t\t\t\t\t<div class=\"elementor-column elementor-col-100 elementor-top-column elementor-element elementor-element-759c98e\" data-id=\"759c98e\" data-element_type=\"column\" data-e-type=\"column\">\n\t\t\t<div class=\"elementor-widget-wrap elementor-element-populated\">\n\t\t\t\t\t\t<div class=\"elementor-element elementor-element-9af75f0 animated-slow elementor-invisible elementor-widget elementor-widget-heading\" data-id=\"9af75f0\" data-element_type=\"widget\" data-e-type=\"widget\" data-settings=\"{&quot;_animation&quot;:&quot;fadeIn&quot;,&quot;_animation_tablet&quot;:&quot;none&quot;}\" data-widget_type=\"heading.default\">\n\t\t\t\t<div class=\"elementor-widget-container\">\n\t\t\t\t\t<h1 class=\"elementor-heading-title elementor-size-default\">Yasal Uyar\u0131<\/h1>\t\t\t\t<\/div>\n\t\t\t\t<\/div>\n\t\t\t\t<div class=\"elementor-element elementor-element-88a728c animated-slow elementor-invisible elementor-widget elementor-widget-heading\" data-id=\"88a728c\" data-element_type=\"widget\" data-e-type=\"widget\" data-settings=\"{&quot;_animation&quot;:&quot;fadeIn&quot;,&quot;_animation_tablet&quot;:&quot;none&quot;,&quot;_animation_delay&quot;:300}\" data-widget_type=\"heading.default\">\n\t\t\t\t<div class=\"elementor-widget-container\">\n\t\t\t\t\t<p class=\"elementor-heading-title elementor-size-default\">Advizeum Lifesciences Limited<\/p>\t\t\t\t<\/div>\n\t\t\t\t<\/div>\n\t\t\t\t<div class=\"elementor-element elementor-element-31a03c4 elementor-widget elementor-widget-spacer\" data-id=\"31a03c4\" data-element_type=\"widget\" data-e-type=\"widget\" data-widget_type=\"spacer.default\">\n\t\t\t\t<div class=\"elementor-widget-container\">\n\t\t\t\t\t\t\t<div class=\"elementor-spacer\">\n\t\t\t<div class=\"elementor-spacer-inner\"><\/div>\n\t\t<\/div>\n\t\t\t\t\t\t<\/div>\n\t\t\t\t<\/div>\n\t\t\t\t\t<\/div>\n\t\t<\/div>\n\t\t\t\t\t<\/div>\n\t\t<\/section>\n\t\t<div class=\"elementor-element elementor-element-1e4c5f8 e-flex e-con-boxed e-con e-parent\" data-id=\"1e4c5f8\" data-element_type=\"container\" data-e-type=\"container\">\n\t\t\t\t\t<div class=\"e-con-inner\">\n\t\t\t\t<div class=\"elementor-element elementor-element-dd09e48 elementor-widget elementor-widget-html\" data-id=\"dd09e48\" data-element_type=\"widget\" data-e-type=\"widget\" data-widget_type=\"html.default\">\n\t\t\t\t<div class=\"elementor-widget-container\">\n\t\t\t\t\t<p>T\u00fcm haklar\u0131 sakl\u0131d\u0131r. Aksi a\u00e7\u0131k\u00e7a belirtilmedik\u00e7e, bu web sitesindeki t\u00fcm bilgiler, resimler ve i\u00e7erik Advizeum Lifesciences Limited'in fikri m\u00fclkiyetindedir.<\/p>\n<p>Herhangi bir i\u00e7eri\u011fin izinsiz kopyalanmas\u0131, \u00e7o\u011falt\u0131lmas\u0131 veya kullan\u0131lmas\u0131 kesinlikle yasakt\u0131r. Di\u011fer ortamlarda herkese a\u00e7\u0131k veya telifsiz olan i\u00e7erikler bu koruman\u0131n d\u0131\u015f\u0131nda tutulur.<\/p>\n<p>Bu web sitesinden herhangi bir i\u00e7erik, resim, grafik, video, ses veya di\u011fer materyalleri kopyalamak veya kullanmak isterseniz, l\u00fctfen <a href=\"mailto:info@advizeum.com\">info@advizeum.com<\/a> ile ileti\u015fime ge\u00e7erek Advizeum Lifesciences Limited'den \u00f6nceden yaz\u0131l\u0131 izin al\u0131n.<\/p>\n<p>Herhangi bir yetkisiz kullan\u0131m veya kopyalama, ilgili yarg\u0131 alan(lar)\u0131ndaki ge\u00e7erli yasalar uyar\u0131nca kovu\u015fturulacakt\u0131r.<\/p>\t\t\t\t<\/div>\n\t\t\t\t<\/div>\n\t\t\t\t\t<\/div>\n\t\t\t\t<\/div>\n\t\t\t\t<\/div>\n\t\t","protected":false},"excerpt":{"rendered":"<p>Yasal Uyar\u0131 Advizeum Lifesciences Limited T\u00fcm haklar\u0131 sakl\u0131d\u0131r. Aksi a\u00e7\u0131k\u00e7a belirtilmedik\u00e7e, bu web sitesindeki t\u00fcm bilgiler, resimler ve i\u00e7erik Advizeum Lifesciences Limited&#8217;in fikri m\u00fclkiyetindedir. Herhangi bir i\u00e7eri\u011fin izinsiz kopyalanmas\u0131, \u00e7o\u011falt\u0131lmas\u0131 veya kullan\u0131lmas\u0131 kesinlikle yasakt\u0131r. Di\u011fer ortamlarda herkese a\u00e7\u0131k veya telifsiz olan i\u00e7erikler bu koruman\u0131n d\u0131\u015f\u0131nda tutulur. Bu web sitesinden herhangi bir i\u00e7erik, resim, grafik, video,&#8230;<\/p>\n","protected":false},"author":1,"featured_media":0,"parent":0,"menu_order":0,"comment_status":"closed","ping_status":"closed","template":"","meta":{"footnotes":""},"class_list":["post-990029","page","type-page","status-publish","hentry"],"_links":{"self":[{"href":"https:\/\/advizeum.com\/tr\/wp-json\/wp\/v2\/pages\/990029","targetHints":{"allow":["GET"]}}],"collection":[{"href":"https:\/\/advizeum.com\/tr\/wp-json\/wp\/v2\/pages"}],"about":[{"href":"https:\/\/advizeum.com\/tr\/wp-json\/wp\/v2\/types\/page"}],"author":[{"embeddable":true,"href":"https:\/\/advizeum.com\/tr\/wp-json\/wp\/v2\/users\/1"}],"replies":[{"embeddable":true,"href":"https:\/\/advizeum.com\/tr\/wp-json\/wp\/v2\/comments?post=990029"}],"version-history":[{"count":5,"href":"https:\/\/advizeum.com\/tr\/wp-json\/wp\/v2\/pages\/990029\/revisions"}],"predecessor-version":[{"id":990034,"href":"https:\/\/advizeum.com\/tr\/wp-json\/wp\/v2\/pages\/990029\/revisions\/990034"}],"wp:attachment":[{"href":"https:\/\/advizeum.com\/tr\/wp-json\/wp\/v2\/media?parent=990029"}],"curies":[{"name":"wp","href":"https:\/\/api.w.org\/{rel}","templated":true}]}}