{"id":990021,"date":"2023-03-14T14:21:56","date_gmt":"2023-03-14T11:21:56","guid":{"rendered":"https:\/\/advizeum.com\/faq\/"},"modified":"2024-12-05T17:41:27","modified_gmt":"2024-12-05T17:41:27","slug":"sss","status":"publish","type":"page","link":"https:\/\/advizeum.com\/tr\/sss\/","title":{"rendered":"S\u0131k\u00e7a Sorulan Sorular"},"content":{"rendered":"\t\t<div data-elementor-type=\"wp-page\" data-elementor-id=\"990021\" class=\"elementor elementor-990021 elementor-1314\" data-elementor-post-type=\"page\">\n\t\t\t\t\t\t<section class=\"elementor-section elementor-top-section elementor-element elementor-element-63d7432 elementor-section-boxed elementor-section-height-default elementor-section-height-default\" data-id=\"63d7432\" data-element_type=\"section\" data-e-type=\"section\">\n\t\t\t\t\t\t<div class=\"elementor-container elementor-column-gap-default\">\n\t\t\t\t\t<div class=\"elementor-column elementor-col-100 elementor-top-column elementor-element elementor-element-6381fb6\" data-id=\"6381fb6\" data-element_type=\"column\" data-e-type=\"column\">\n\t\t\t<div class=\"elementor-widget-wrap elementor-element-populated\">\n\t\t\t\t\t\t<div class=\"elementor-element elementor-element-036ea00 animated-slow elementor-invisible elementor-widget elementor-widget-heading\" data-id=\"036ea00\" data-element_type=\"widget\" data-e-type=\"widget\" data-settings=\"{&quot;_animation&quot;:&quot;fadeIn&quot;,&quot;_animation_tablet&quot;:&quot;none&quot;}\" data-widget_type=\"heading.default\">\n\t\t\t\t<div class=\"elementor-widget-container\">\n\t\t\t\t\t<h1 class=\"elementor-heading-title elementor-size-default\">S\u0131k\u00e7a Sorulan Sorular<\/h1>\t\t\t\t<\/div>\n\t\t\t\t<\/div>\n\t\t\t\t<div class=\"elementor-element elementor-element-a6db118 animated-slow elementor-invisible elementor-widget elementor-widget-heading\" data-id=\"a6db118\" data-element_type=\"widget\" data-e-type=\"widget\" data-settings=\"{&quot;_animation&quot;:&quot;fadeIn&quot;,&quot;_animation_tablet&quot;:&quot;none&quot;,&quot;_animation_delay&quot;:300}\" data-widget_type=\"heading.default\">\n\t\t\t\t<div class=\"elementor-widget-container\">\n\t\t\t\t\t<p class=\"elementor-heading-title elementor-size-default\">Akl\u0131n\u0131za gelebilecek bu sorular\u0131 ve di\u011ferlerini yan\u0131tlamak i\u00e7in buraday\u0131z.<\/p>\t\t\t\t<\/div>\n\t\t\t\t<\/div>\n\t\t\t\t<div class=\"elementor-element elementor-element-585c3df elementor-widget elementor-widget-spacer\" data-id=\"585c3df\" data-element_type=\"widget\" data-e-type=\"widget\" data-widget_type=\"spacer.default\">\n\t\t\t\t<div class=\"elementor-widget-container\">\n\t\t\t\t\t\t\t<div class=\"elementor-spacer\">\n\t\t\t<div class=\"elementor-spacer-inner\"><\/div>\n\t\t<\/div>\n\t\t\t\t\t\t<\/div>\n\t\t\t\t<\/div>\n\t\t\t\t\t<\/div>\n\t\t<\/div>\n\t\t\t\t\t<\/div>\n\t\t<\/section>\n\t\t\t\t<section class=\"elementor-section elementor-top-section elementor-element elementor-element-d87787f elementor-section-boxed elementor-section-height-default elementor-section-height-default\" data-id=\"d87787f\" data-element_type=\"section\" data-e-type=\"section\">\n\t\t\t\t\t\t<div class=\"elementor-container elementor-column-gap-no\">\n\t\t\t\t\t<div class=\"elementor-column elementor-col-100 elementor-top-column elementor-element elementor-element-aadef22\" data-id=\"aadef22\" data-element_type=\"column\" data-e-type=\"column\" data-settings=\"{&quot;background_background&quot;:&quot;classic&quot;}\">\n\t\t\t<div class=\"elementor-widget-wrap elementor-element-populated\">\n\t\t\t\t\t\t<div class=\"vamtam-has-theme-widget-styles elementor-element elementor-element-124be31 elementor-widget elementor-widget-toggle\" data-id=\"124be31\" data-element_type=\"widget\" data-e-type=\"widget\" data-widget_type=\"toggle.default\">\n\t\t\t\t<div class=\"elementor-widget-container\">\n\t\t\t\t\t\t\t<div class=\"elementor-toggle\">\n\t\t\t\t\t\t\t<div class=\"elementor-toggle-item\">\n\t\t\t\t\t<h3 id=\"elementor-tab-title-1911\" class=\"elementor-tab-title\" data-tab=\"1\" role=\"button\" aria-controls=\"elementor-tab-content-1911\" aria-expanded=\"false\">\n\t\t\t\t\t\t\t\t\t\t\t\t<span class=\"elementor-toggle-icon elementor-toggle-icon-right\" aria-hidden=\"true\">\n\t\t\t\t\t\t\t\t\t\t\t\t\t\t\t<span class=\"elementor-toggle-icon-closed\"><i class=\"vamtamtheme- vamtam-theme-plus\"><\/i><\/span>\n\t\t\t\t\t\t\t\t<span class=\"elementor-toggle-icon-opened\"><i class=\"elementor-toggle-icon-opened vamtamtheme- vamtam-theme-minus\"><\/i><\/span>\n\t\t\t\t\t\t\t\t\t\t\t\t\t<\/span>\n\t\t\t\t\t\t\t\t\t\t\t\t<a class=\"elementor-toggle-title\" tabindex=\"0\">Bir dan\u0131\u015fmanl\u0131k \u015firketi misiniz?<\/a>\n\t\t\t\t\t<\/h3>\n\n\t\t\t\t\t<div id=\"elementor-tab-content-1911\" class=\"elementor-tab-content elementor-clearfix\" data-tab=\"1\" role=\"region\" aria-labelledby=\"elementor-tab-title-1911\"><p>Evet, ama \u00f6zg\u00fcn bir yakla\u015f\u0131mla. \u00dc\u00e7 \u00c7\u00f6z\u00fcm Alan\u0131m\u0131z i\u00e7inde, web sitemizin \u00c7\u00f6z\u00fcmler b\u00f6l\u00fcm\u00fcnde ayr\u0131nt\u0131l\u0131 olarak a\u00e7\u0131kland\u0131\u011f\u0131 gibi, bir\u00e7ok hizmet i\u00e7in geleneksel bir dan\u0131\u015fmanl\u0131k firmas\u0131 gibi \u00e7al\u0131\u015f\u0131yoruz.<\/p><p>B2B E\u015fle\u015ftirme i\u00e7in, dan\u0131\u015fmanl\u0131k tabanl\u0131 ortakl\u0131klardan, daha geleneksel ticaret odakl\u0131 \u00e7\u00f6z\u00fcmlere kadar, m\u00fc\u015fterilerimizin \u00f6zel ihtiya\u00e7lar\u0131na ve se\u00e7melerine yard\u0131mc\u0131 oldu\u011fumuz hassas hedefli pazarlara g\u00f6re uyarlanm\u0131\u015f esnek modeller sunuyoruz. Yakla\u015f\u0131m\u0131m\u0131z\u0131n i\u015f hedeflerinizi nas\u0131l destekleyebilece\u011fini tart\u0131\u015fmaktan memnuniyet duyar\u0131z &#8211; l\u00fctfen daha fazla ayr\u0131nt\u0131 i\u00e7in bize ula\u015f\u0131n.<\/p><\/div>\n\t\t\t\t<\/div>\n\t\t\t\t\t\t\t<div class=\"elementor-toggle-item\">\n\t\t\t\t\t<h3 id=\"elementor-tab-title-1912\" class=\"elementor-tab-title\" data-tab=\"2\" role=\"button\" aria-controls=\"elementor-tab-content-1912\" aria-expanded=\"false\">\n\t\t\t\t\t\t\t\t\t\t\t\t<span class=\"elementor-toggle-icon elementor-toggle-icon-right\" aria-hidden=\"true\">\n\t\t\t\t\t\t\t\t\t\t\t\t\t\t\t<span class=\"elementor-toggle-icon-closed\"><i class=\"vamtamtheme- vamtam-theme-plus\"><\/i><\/span>\n\t\t\t\t\t\t\t\t<span class=\"elementor-toggle-icon-opened\"><i class=\"elementor-toggle-icon-opened vamtamtheme- vamtam-theme-minus\"><\/i><\/span>\n\t\t\t\t\t\t\t\t\t\t\t\t\t<\/span>\n\t\t\t\t\t\t\t\t\t\t\t\t<a class=\"elementor-toggle-title\" tabindex=\"0\">Di\u011fer benzer \u015firketlerden fark\u0131n\u0131z nedir?<\/a>\n\t\t\t\t\t<\/h3>\n\n\t\t\t\t\t<div id=\"elementor-tab-content-1912\" class=\"elementor-tab-content elementor-clearfix\" data-tab=\"2\" role=\"region\" aria-labelledby=\"elementor-tab-title-1912\"><p>\u0130la\u00e7, Biyofarma ve a\u015f\u0131 sekt\u00f6rlerinde derin uzmanl\u0131\u011fa sahip \u00c7ok Uluslu \u015eirketler kurumsal d\u00fcnyas\u0131nda 30 y\u0131l\u0131 a\u015fk\u0131n bir deneyimi temsil ediyoruz. \u00c7\u00f6z\u00fcmlerimiz Ya\u015fam Bilimleri \u015firketleri i\u00e7in \u00f6zg\u00fcn olarak \u00fcretilir. Bizimle ileti\u015fime ge\u00e7ti\u011finiz andan itibaren, sizinle ayn\u0131 dili konu\u015ftu\u011fumuzu, kar\u015f\u0131la\u015ft\u0131\u011f\u0131n\u0131z zorluklar\u0131 \u00e7ok iyi anlad\u0131\u011f\u0131m\u0131z\u0131 ve hedeflerinize kolayca uyum sa\u011flad\u0131\u011f\u0131m\u0131z\u0131 fark edeceksiniz.<br \/><br \/>\u0130ster bir \u00c7ok Uluslu \u015eirket, ister b\u00f6yle bir \u015firketle etkile\u015fim halinde olan bir firma, geli\u015fmekte olan bir Ya\u015fam Bilimi\/Biyofarma \u015firketi, yerel bir distrib\u00fct\u00f6r veya kariyerinizi ilerletmek isteyen bir birey olun, sizin i\u00e7in buraday\u0131z. Sadelik ve al\u00e7akg\u00f6n\u00fcll\u00fcl\u00fckle profesyonel \u00e7\u00f6z\u00fcmler sunuyor, ba\u015far\u0131n\u0131z\u0131 her zaman birinci \u00f6nceli\u011fimiz yap\u0131yoruz.<\/p><\/div>\n\t\t\t\t<\/div>\n\t\t\t\t\t\t\t<div class=\"elementor-toggle-item\">\n\t\t\t\t\t<h3 id=\"elementor-tab-title-1913\" class=\"elementor-tab-title\" data-tab=\"3\" role=\"button\" aria-controls=\"elementor-tab-content-1913\" aria-expanded=\"false\">\n\t\t\t\t\t\t\t\t\t\t\t\t<span class=\"elementor-toggle-icon elementor-toggle-icon-right\" aria-hidden=\"true\">\n\t\t\t\t\t\t\t\t\t\t\t\t\t\t\t<span class=\"elementor-toggle-icon-closed\"><i class=\"vamtamtheme- vamtam-theme-plus\"><\/i><\/span>\n\t\t\t\t\t\t\t\t<span class=\"elementor-toggle-icon-opened\"><i class=\"elementor-toggle-icon-opened vamtamtheme- vamtam-theme-minus\"><\/i><\/span>\n\t\t\t\t\t\t\t\t\t\t\t\t\t<\/span>\n\t\t\t\t\t\t\t\t\t\t\t\t<a class=\"elementor-toggle-title\" tabindex=\"0\">En \u00e7ok hangi sekt\u00f6rler veya \u00fcr\u00fcnlerle ilgili deneyime sahipsiniz?<\/a>\n\t\t\t\t\t<\/h3>\n\n\t\t\t\t\t<div id=\"elementor-tab-content-1913\" class=\"elementor-tab-content elementor-clearfix\" data-tab=\"3\" role=\"region\" aria-labelledby=\"elementor-tab-title-1913\"><p>\u0130nsan a\u015f\u0131lar\u0131, ila\u00e7 ve biyofarma end\u00fcstrilerinde onlarca y\u0131ll\u0131k derinlemesine uzmanl\u0131\u011f\u0131m\u0131z var. Deneyimimiz, liderlik geli\u015fimi, kar-zarar y\u00f6netimi, kurumsal ili\u015fkiler, pazara eri\u015fim stratejileri, ittifak olu\u015fumu ve y\u00f6netimi dahil olmak \u00fczere i\u015fin en kritik y\u00f6nlerini kapsar. Geni\u015f uzmanl\u0131k ve odaklanm\u0131\u015f bilgi birikiminin bu kombinasyonu, m\u00fc\u015fterilerimizi bu sekt\u00f6rlerdeki \u00e7e\u015fitli zorluklar\u0131n \u00fcstesinden gelme ve f\u0131rsatlar\u0131 de\u011ferlendirme konusunda desteklememize yard\u0131mc\u0131 oluyor.<\/p><\/div>\n\t\t\t\t<\/div>\n\t\t\t\t\t\t\t<div class=\"elementor-toggle-item\">\n\t\t\t\t\t<h3 id=\"elementor-tab-title-1914\" class=\"elementor-tab-title\" data-tab=\"4\" role=\"button\" aria-controls=\"elementor-tab-content-1914\" aria-expanded=\"false\">\n\t\t\t\t\t\t\t\t\t\t\t\t<span class=\"elementor-toggle-icon elementor-toggle-icon-right\" aria-hidden=\"true\">\n\t\t\t\t\t\t\t\t\t\t\t\t\t\t\t<span class=\"elementor-toggle-icon-closed\"><i class=\"vamtamtheme- vamtam-theme-plus\"><\/i><\/span>\n\t\t\t\t\t\t\t\t<span class=\"elementor-toggle-icon-opened\"><i class=\"elementor-toggle-icon-opened vamtamtheme- vamtam-theme-minus\"><\/i><\/span>\n\t\t\t\t\t\t\t\t\t\t\t\t\t<\/span>\n\t\t\t\t\t\t\t\t\t\t\t\t<a class=\"elementor-toggle-title\" tabindex=\"0\">Tipik m\u00fc\u015fterileriniz kimler?<\/a>\n\t\t\t\t\t<\/h3>\n\n\t\t\t\t\t<div id=\"elementor-tab-content-1914\" class=\"elementor-tab-content elementor-clearfix\" data-tab=\"4\" role=\"region\" aria-labelledby=\"elementor-tab-title-1914\">M\u00fc\u015fterilerimiz Biyofarma, A\u015f\u0131 ve Biyoteknoloji sekt\u00f6rlerindeki \u00e7e\u015fitli alanlardan gelmektedir:<br>\n<ul>\n  <li><strong>Kurumsal M\u00fc\u015fteriler:<\/strong> Stratejik planlama, proje y\u00f6netimi veya pazara eri\u015fim, organizasyon geli\u015fim, payda\u015f kat\u0131l\u0131m\u0131 ve benzeri operasyonel konulardaki belirli konular\u0131n ele al\u0131nmas\u0131 i\u00e7in dan\u0131\u015fmanl\u0131k deste\u011fi arayan \u015firketler.<\/li>\n  <li><strong>Liderlik Geli\u015fimi:<\/strong> \u00dcst d\u00fczey liderlerini g\u00fc\u00e7lendirmek veya \u00fcst d\u00fczey y\u00f6netici rollerine aday haz\u0131rlamak i\u00e7in deneyimli ko\u00e7lar veya mentorlar arayan kurulu\u015flar.<\/li>\n  <li><strong>\u0130ddial\u0131 \u0130\u015fletmeler:<\/strong> Uluslararas\u0131 alanda geni\u015flemeyi hedefleyen ve hedeflerine ula\u015fmak i\u00e7in stratejik rehberlikten faydalanmak isteyen y\u00fcksek kaliteli \u00fcr\u00fcn portf\u00f6ylerine sahip \u015firketler.<\/li>\n  <li><strong>Bireysel Profesyoneller:<\/strong> Liderlik becerilerini geli\u015ftirmek i\u00e7in \u00f6zel ko\u00e7luk veya mentorluk programlar\u0131 arac\u0131l\u0131\u011f\u0131yla ki\u015fisel geli\u015fimlerine yat\u0131r\u0131m yapanlar.<\/li>\n<\/ul>\n<p>\u0130ster bir i\u015fletme ister bir birey olun, hizmetlerimizi \u00f6zg\u00fcn ihtiya\u00e7lar\u0131n\u0131z\u0131 ve beklentilerinizi kar\u015f\u0131layacak \u015fekilde uyarl\u0131yoruz.<\/p><\/div>\n\t\t\t\t<\/div>\n\t\t\t\t\t\t\t<div class=\"elementor-toggle-item\">\n\t\t\t\t\t<h3 id=\"elementor-tab-title-1915\" class=\"elementor-tab-title\" data-tab=\"5\" role=\"button\" aria-controls=\"elementor-tab-content-1915\" aria-expanded=\"false\">\n\t\t\t\t\t\t\t\t\t\t\t\t<span class=\"elementor-toggle-icon elementor-toggle-icon-right\" aria-hidden=\"true\">\n\t\t\t\t\t\t\t\t\t\t\t\t\t\t\t<span class=\"elementor-toggle-icon-closed\"><i class=\"vamtamtheme- vamtam-theme-plus\"><\/i><\/span>\n\t\t\t\t\t\t\t\t<span class=\"elementor-toggle-icon-opened\"><i class=\"elementor-toggle-icon-opened vamtamtheme- vamtam-theme-minus\"><\/i><\/span>\n\t\t\t\t\t\t\t\t\t\t\t\t\t<\/span>\n\t\t\t\t\t\t\t\t\t\t\t\t<a class=\"elementor-toggle-title\" tabindex=\"0\">Halk sa\u011fl\u0131\u011f\u0131 \u00fczerinde bir etki yaratmaktan bahsediyorsunuz. Bunu nas\u0131l yap\u0131yorsunuz?<\/a>\n\t\t\t\t\t<\/h3>\n\n\t\t\t\t\t<div id=\"elementor-tab-content-1915\" class=\"elementor-tab-content elementor-clearfix\" data-tab=\"5\" role=\"region\" aria-labelledby=\"elementor-tab-title-1915\"><p>\u00c7\u00f6z\u00fcm alanlar\u0131m\u0131z\u0131n \u00fc\u00e7\u00fc de Ya\u015fam Bilimlerine odakl\u0131d\u0131r. Temel de\u011ferlerimiz ve etik ilkelerimizin rehberli\u011finde, hastalar ve halk sa\u011fl\u0131\u011f\u0131 payda\u015flar\u0131 \u00fczerinde olumlu bir etki yaratmak i\u00e7in m\u00fc\u015fteriler ve ortaklar\u0131m\u0131zla i\u015fbirli\u011fi yap\u0131yoruz. M\u00fc\u015fterilerimizin geli\u015fmesini sa\u011flayarak, hizmet vermelerine yard\u0131mc\u0131 oldu\u011fumuz pazarlardaki topluluklar\u0131n sa\u011fl\u0131k ihtiya\u00e7lar\u0131n\u0131 kar\u015f\u0131lama kapasitelerini geli\u015ftiriyoruz.<\/p><\/div>\n\t\t\t\t<\/div>\n\t\t\t\t\t\t\t<div class=\"elementor-toggle-item\">\n\t\t\t\t\t<h3 id=\"elementor-tab-title-1916\" class=\"elementor-tab-title\" data-tab=\"6\" role=\"button\" aria-controls=\"elementor-tab-content-1916\" aria-expanded=\"false\">\n\t\t\t\t\t\t\t\t\t\t\t\t<span class=\"elementor-toggle-icon elementor-toggle-icon-right\" aria-hidden=\"true\">\n\t\t\t\t\t\t\t\t\t\t\t\t\t\t\t<span class=\"elementor-toggle-icon-closed\"><i class=\"vamtamtheme- vamtam-theme-plus\"><\/i><\/span>\n\t\t\t\t\t\t\t\t<span class=\"elementor-toggle-icon-opened\"><i class=\"elementor-toggle-icon-opened vamtamtheme- vamtam-theme-minus\"><\/i><\/span>\n\t\t\t\t\t\t\t\t\t\t\t\t\t<\/span>\n\t\t\t\t\t\t\t\t\t\t\t\t<a class=\"elementor-toggle-title\" tabindex=\"0\">\u00dc\u00e7 \u00e7\u00f6z\u00fcm alan\u0131n\u0131z olarak a\u00e7\u0131klananlar\u0131n \u00f6tesinde ba\u015fka bir hizmet sunuyor musunuz?<\/a>\n\t\t\t\t\t<\/h3>\n\n\t\t\t\t\t<div id=\"elementor-tab-content-1916\" class=\"elementor-tab-content elementor-clearfix\" data-tab=\"6\" role=\"region\" aria-labelledby=\"elementor-tab-title-1916\"><p>\u00d6ncelikli hedefimiz m\u00fc\u015fterilerimizin b\u00fcy\u00fcmesini ve ba\u015far\u0131s\u0131n\u0131 desteklemektir. Web sitemizde listelenen \u00e7\u00f6z\u00fcmlerin d\u0131\u015f\u0131nda kalan \u00f6zel bir ihtiyac\u0131n\u0131z varsa, bize ula\u015fman\u0131z\u0131 ve bir oturum planlaman\u0131z\u0131 \u00f6neririz. \u0130htiya\u00e7 duydu\u011funuz hizmetleri sa\u011flamay\u0131 ya da sizi a\u011f\u0131m\u0131zda yer alan bu alanda uzmanla\u015fm\u0131\u015f g\u00fcvenilir bir ortakla bulu\u015fturmay\u0131 taahh\u00fct ediyoruz.<\/p><\/div>\n\t\t\t\t<\/div>\n\t\t\t\t\t\t\t\t<\/div>\n\t\t\t\t\t\t<\/div>\n\t\t\t\t<\/div>\n\t\t\t\t\t<\/div>\n\t\t<\/div>\n\t\t\t\t\t<\/div>\n\t\t<\/section>\n\t\t\t\t<\/div>\n\t\t","protected":false},"excerpt":{"rendered":"<p>S\u0131k\u00e7a Sorulan Sorular Akl\u0131n\u0131za gelebilecek bu sorular\u0131 ve di\u011ferlerini yan\u0131tlamak i\u00e7in buraday\u0131z. Bir dan\u0131\u015fmanl\u0131k \u015firketi misiniz? Evet, ama \u00f6zg\u00fcn bir yakla\u015f\u0131mla. \u00dc\u00e7 \u00c7\u00f6z\u00fcm Alan\u0131m\u0131z i\u00e7inde, web sitemizin \u00c7\u00f6z\u00fcmler b\u00f6l\u00fcm\u00fcnde ayr\u0131nt\u0131l\u0131 olarak a\u00e7\u0131kland\u0131\u011f\u0131 gibi, bir\u00e7ok hizmet i\u00e7in geleneksel bir dan\u0131\u015fmanl\u0131k firmas\u0131 gibi \u00e7al\u0131\u015f\u0131yoruz. B2B E\u015fle\u015ftirme i\u00e7in, dan\u0131\u015fmanl\u0131k tabanl\u0131 ortakl\u0131klardan, daha geleneksel ticaret odakl\u0131 \u00e7\u00f6z\u00fcmlere kadar, m\u00fc\u015fterilerimizin&#8230;<\/p>\n","protected":false},"author":1,"featured_media":0,"parent":0,"menu_order":0,"comment_status":"closed","ping_status":"closed","template":"","meta":{"footnotes":""},"class_list":["post-990021","page","type-page","status-publish","hentry"],"_links":{"self":[{"href":"https:\/\/advizeum.com\/tr\/wp-json\/wp\/v2\/pages\/990021","targetHints":{"allow":["GET"]}}],"collection":[{"href":"https:\/\/advizeum.com\/tr\/wp-json\/wp\/v2\/pages"}],"about":[{"href":"https:\/\/advizeum.com\/tr\/wp-json\/wp\/v2\/types\/page"}],"author":[{"embeddable":true,"href":"https:\/\/advizeum.com\/tr\/wp-json\/wp\/v2\/users\/1"}],"replies":[{"embeddable":true,"href":"https:\/\/advizeum.com\/tr\/wp-json\/wp\/v2\/comments?post=990021"}],"version-history":[{"count":5,"href":"https:\/\/advizeum.com\/tr\/wp-json\/wp\/v2\/pages\/990021\/revisions"}],"predecessor-version":[{"id":990027,"href":"https:\/\/advizeum.com\/tr\/wp-json\/wp\/v2\/pages\/990021\/revisions\/990027"}],"wp:attachment":[{"href":"https:\/\/advizeum.com\/tr\/wp-json\/wp\/v2\/media?parent=990021"}],"curies":[{"name":"wp","href":"https:\/\/api.w.org\/{rel}","templated":true}]}}