{"id":991137,"date":"2024-12-02T10:31:30","date_gmt":"2024-12-02T07:31:30","guid":{"rendered":"https:\/\/advizeum.com\/%e0%b8%97%e0%b8%b5%e0%b8%a1%e0%b8%87%e0%b8%b2%e0%b8%99%e0%b8%82%e0%b8%ad%e0%b8%87%e0%b9%80%e0%b8%a3%e0%b8%b2\/umut-turan\/"},"modified":"2025-02-19T19:52:12","modified_gmt":"2025-02-19T16:52:12","slug":"%e0%b8%ad%e0%b8%b9%e0%b8%a1%e0%b8%b8%e0%b8%95-%e0%b8%95%e0%b8%b9%e0%b8%a3%e0%b8%b2%e0%b8%99","status":"publish","type":"page","link":"https:\/\/advizeum.com\/th\/%e0%b8%97%e0%b8%b5%e0%b8%a1%e0%b8%87%e0%b8%b2%e0%b8%99%e0%b8%82%e0%b8%ad%e0%b8%87%e0%b9%80%e0%b8%a3%e0%b8%b2\/%e0%b8%ad%e0%b8%b9%e0%b8%a1%e0%b8%b8%e0%b8%95-%e0%b8%95%e0%b8%b9%e0%b8%a3%e0%b8%b2%e0%b8%99\/","title":{"rendered":"\u0e2d\u0e39\u0e21\u0e38\u0e15 \u0e15\u0e39\u0e23\u0e32\u0e19"},"content":{"rendered":"\t\t<div data-elementor-type=\"wp-page\" data-elementor-id=\"991137\" class=\"elementor elementor-991137 elementor-988966\" data-elementor-post-type=\"page\">\n\t\t\t\t\t\t<section class=\"elementor-section elementor-top-section elementor-element elementor-element-2ba945b elementor-section-boxed elementor-section-height-default elementor-section-height-default\" data-id=\"2ba945b\" data-element_type=\"section\" data-e-type=\"section\">\n\t\t\t\t\t\t<div class=\"elementor-container elementor-column-gap-default\">\n\t\t\t\t\t<div class=\"elementor-column elementor-col-100 elementor-top-column elementor-element elementor-element-424041c\" data-id=\"424041c\" data-element_type=\"column\" data-e-type=\"column\">\n\t\t\t<div class=\"elementor-widget-wrap elementor-element-populated\">\n\t\t\t\t\t\t<div class=\"elementor-element elementor-element-f972a2f elementor-widget__width-auto elementor-widget elementor-widget-heading\" data-id=\"f972a2f\" data-element_type=\"widget\" data-e-type=\"widget\" data-widget_type=\"heading.default\">\n\t\t\t\t<div class=\"elementor-widget-container\">\n\t\t\t\t\t<span class=\"elementor-heading-title elementor-size-default\">\u0e1c\u0e39\u0e49\u0e08\u0e31\u0e14\u0e01\u0e32\u0e23\u0e42\u0e04\u0e23\u0e07\u0e01\u0e32\u0e23\n<\/span>\t\t\t\t<\/div>\n\t\t\t\t<\/div>\n\t\t\t\t<div class=\"elementor-element elementor-element-6218f25 animated-slow elementor-invisible elementor-widget elementor-widget-heading\" data-id=\"6218f25\" data-element_type=\"widget\" data-e-type=\"widget\" data-settings=\"{&quot;_animation&quot;:&quot;fadeIn&quot;,&quot;_animation_tablet&quot;:&quot;none&quot;}\" data-widget_type=\"heading.default\">\n\t\t\t\t<div class=\"elementor-widget-container\">\n\t\t\t\t\t<h1 class=\"elementor-heading-title elementor-size-default\">\u0e2d\u0e39\u0e21\u0e38\u0e15 \u0e15\u0e39\u0e23\u0e32\u0e19<\/h1>\t\t\t\t<\/div>\n\t\t\t\t<\/div>\n\t\t\t\t<div class=\"elementor-element elementor-element-978efb3 elementor-widget elementor-widget-spacer\" data-id=\"978efb3\" data-element_type=\"widget\" data-e-type=\"widget\" data-widget_type=\"spacer.default\">\n\t\t\t\t<div class=\"elementor-widget-container\">\n\t\t\t\t\t\t\t<div class=\"elementor-spacer\">\n\t\t\t<div class=\"elementor-spacer-inner\"><\/div>\n\t\t<\/div>\n\t\t\t\t\t\t<\/div>\n\t\t\t\t<\/div>\n\t\t\t\t\t<\/div>\n\t\t<\/div>\n\t\t\t\t\t<\/div>\n\t\t<\/section>\n\t\t\t\t<section class=\"elementor-section elementor-top-section elementor-element elementor-element-c95aff7 elementor-section-boxed elementor-section-height-default elementor-section-height-default\" data-id=\"c95aff7\" data-element_type=\"section\" data-e-type=\"section\">\n\t\t\t\t\t\t<div class=\"elementor-container elementor-column-gap-no\">\n\t\t\t\t\t<div class=\"elementor-column elementor-col-33 elementor-top-column elementor-element elementor-element-6b603c4\" data-id=\"6b603c4\" data-element_type=\"column\" data-e-type=\"column\">\n\t\t\t<div class=\"elementor-widget-wrap elementor-element-populated\">\n\t\t\t\t\t\t<div class=\"elementor-element elementor-element-a0640a8 elementor-widget elementor-widget-image\" data-id=\"a0640a8\" data-element_type=\"widget\" data-e-type=\"widget\" data-settings=\"{&quot;sticky&quot;:&quot;top&quot;,&quot;sticky_on&quot;:[&quot;desktop&quot;,&quot;tablet&quot;],&quot;sticky_offset&quot;:80,&quot;sticky_offset_tablet&quot;:120,&quot;sticky_effects_offset&quot;:80,&quot;sticky_effects_offset_tablet&quot;:70,&quot;sticky_parent&quot;:&quot;yes&quot;,&quot;sticky_anchor_link_offset&quot;:0}\" data-widget_type=\"image.default\">\n\t\t\t\t<div class=\"elementor-widget-container\">\n\t\t\t\t\t\t\t\t\t\t\t\t\t\t\t<img fetchpriority=\"high\" decoding=\"async\" width=\"750\" height=\"1920\" src=\"https:\/\/advizeum.com\/wp-content\/uploads\/2024\/12\/umut-turan-detail-page.webp\" class=\"attachment-full size-full wp-image-991139\" alt=\"\" srcset=\"https:\/\/advizeum.com\/wp-content\/uploads\/2024\/12\/umut-turan-detail-page.webp 750w, https:\/\/advizeum.com\/wp-content\/uploads\/2024\/12\/umut-turan-detail-page-117x300.webp 117w, https:\/\/advizeum.com\/wp-content\/uploads\/2024\/12\/umut-turan-detail-page-400x1024.webp 400w, https:\/\/advizeum.com\/wp-content\/uploads\/2024\/12\/umut-turan-detail-page-600x1536.webp 600w\" sizes=\"(max-width: 750px) 100vw, 750px\" \/>\t\t\t\t\t\t\t\t\t\t\t\t\t\t\t<\/div>\n\t\t\t\t<\/div>\n\t\t\t\t\t<\/div>\n\t\t<\/div>\n\t\t\t\t<div class=\"elementor-column elementor-col-66 elementor-top-column elementor-element elementor-element-f04aa61\" data-id=\"f04aa61\" data-element_type=\"column\" data-e-type=\"column\">\n\t\t\t<div class=\"elementor-widget-wrap elementor-element-populated\">\n\t\t\t\t\t\t<div class=\"elementor-element elementor-element-5fe169f elementor-widget elementor-widget-text-editor\" data-id=\"5fe169f\" data-element_type=\"widget\" data-e-type=\"widget\" data-widget_type=\"text-editor.default\">\n\t\t\t\t<div class=\"elementor-widget-container\">\n\t\t\t\t\t\t\t\t\t<p><strong>Project Manager<\/strong><\/p><p>Umut Turan studied Computer Programming and Technologies at Bilkent University.<\/p><p>She started her career early on during her university years. She supported the preparation of the monthly periodical \u201cGen\u00e7 Ankara\u201d in 1993. She continued to support magazine preparations during the rest of her student life in Ankara.<\/p><p>Umut had her first job at Merin-NeszCo Advisory Firm as Project Assistant and worked on such projects as analysis of the sales potential of carpets based on attributes and customer perceptions.<\/p><p>She then joined Information Solutions section of Info Holding in Istanbul, working on Sybase database implementation projects. During the following years, Umut coordinated many database projects for major enterprise clients in Turkey.<\/p><p>Umut later joined the Istanbul branch of Protek Bilgisayar Sistemleri A.S., an Ankara-based IT Solutions company as Sales Representative for major customer accounts. During this period, she played pivotal roles in connecting large computer hardware providers like HP, Compaq, and software solution companies like Microsoft to address the explosive growth of database and enterprise software needs of the largest corporations in T\u00fcrkiye.<\/p><p>Umut lastly worked in the Istanbul office of Data Sistem IT Infrastructure Solutions Company as Sales Project Manager, coordinating large corporate accounts for IT Hardware, Network, and Software solution implementation projects.<\/p><p>During her tenure of IT Sales Projects management, Umut built a strong rapport with major global IT suppliers and the largest enterprises in T\u00fcrkiye, among which she lists Aselsan A.S., Toprak Holding, Kent G\u0131da, Turkish Airlines, and Pfizer T\u00fcrkiye.<\/p><p>After leaving corporate life to move to the USA with her family, Umut focused on her hobby of ceramics. During the period she lived in South Korea, she attended official training programs on ceramic art in Seoul and worked together with prominent artists in South Korea. Her work was displayed at a mixed exhibition at Taksim Art Gallery in Istanbul in 2017. Umut volunteered for teaching ceramics at Seoul Foreign British School and at Bangkok Patana International School in Thailand.<\/p><p>With her coordination skills and background in Project Management, Umut now supports the Advizeum team for client prospection, project development, and coordination.<\/p>\t\t\t\t\t\t\t\t<\/div>\n\t\t\t\t<\/div>\n\t\t\t\t<div class=\"elementor-element elementor-element-209497a elementor-shape-circle elementor-grid-2 e-grid-align-left e-grid-align-mobile-left elementor-widget__width-auto elementor-widget elementor-widget-social-icons\" data-id=\"209497a\" data-element_type=\"widget\" data-e-type=\"widget\" data-widget_type=\"social-icons.default\">\n\t\t\t\t<div class=\"elementor-widget-container\">\n\t\t\t\t\t\t\t<div class=\"elementor-social-icons-wrapper elementor-grid\" role=\"list\">\n\t\t\t\t\t\t\t<span class=\"elementor-grid-item\" role=\"listitem\">\n\t\t\t\t\t<a class=\"elementor-icon elementor-social-icon elementor-social-icon-linkedin elementor-repeater-item-c7c5b59\" href=\"https:\/\/www.linkedin.com\/in\/umut-turan-a69630135\/\" target=\"_blank\" rel=\"noopener noreferrer nofollow\">\n\t\t\t\t\t\t<span class=\"elementor-screen-only\">Linkedin<\/span>\n\t\t\t\t\t\t<svg aria-hidden=\"true\" class=\"e-font-icon-svg e-fab-linkedin\" viewBox=\"0 0 448 512\" xmlns=\"http:\/\/www.w3.org\/2000\/svg\"><path d=\"M416 32H31.9C14.3 32 0 46.5 0 64.3v383.4C0 465.5 14.3 480 31.9 480H416c17.6 0 32-14.5 32-32.3V64.3c0-17.8-14.4-32.3-32-32.3zM135.4 416H69V202.2h66.5V416zm-33.2-243c-21.3 0-38.5-17.3-38.5-38.5S80.9 96 102.2 96c21.2 0 38.5 17.3 38.5 38.5 0 21.3-17.2 38.5-38.5 38.5zm282.1 243h-66.4V312c0-24.8-.5-56.7-34.5-56.7-34.6 0-39.9 27-39.9 54.9V416h-66.4V202.2h63.7v29.2h.9c8.9-16.8 30.6-34.5 62.9-34.5 67.2 0 79.7 44.3 79.7 101.9V416z\"><\/path><\/svg>\t\t\t\t\t<\/a>\n\t\t\t\t<\/span>\n\t\t\t\t\t\t\t<span class=\"elementor-grid-item\" role=\"listitem\">\n\t\t\t\t\t<a class=\"elementor-icon elementor-social-icon elementor-social-icon-envelope elementor-repeater-item-7b267b3\" href=\"mailto:u.turan@advizeum.com\" target=\"_blank\">\n\t\t\t\t\t\t<span class=\"elementor-screen-only\">Envelope<\/span>\n\t\t\t\t\t\t<svg aria-hidden=\"true\" class=\"e-font-icon-svg e-fas-envelope\" viewBox=\"0 0 512 512\" xmlns=\"http:\/\/www.w3.org\/2000\/svg\"><path d=\"M502.3 190.8c3.9-3.1 9.7-.2 9.7 4.7V400c0 26.5-21.5 48-48 48H48c-26.5 0-48-21.5-48-48V195.6c0-5 5.7-7.8 9.7-4.7 22.4 17.4 52.1 39.5 154.1 113.6 21.1 15.4 56.7 47.8 92.2 47.6 35.7.3 72-32.8 92.3-47.6 102-74.1 131.6-96.3 154-113.7zM256 320c23.2.4 56.6-29.2 73.4-41.4 132.7-96.3 142.8-104.7 173.4-128.7 5.8-4.5 9.2-11.5 9.2-18.9v-19c0-26.5-21.5-48-48-48H48C21.5 64 0 85.5 0 112v19c0 7.4 3.4 14.3 9.2 18.9 30.6 23.9 40.7 32.4 173.4 128.7 16.8 12.2 50.2 41.8 73.4 41.4z\"><\/path><\/svg>\t\t\t\t\t<\/a>\n\t\t\t\t<\/span>\n\t\t\t\t\t<\/div>\n\t\t\t\t\t\t<\/div>\n\t\t\t\t<\/div>\n\t\t\t\t<div class=\"vamtam-has-theme-widget-styles elementor-element elementor-element-9c7dc17 vamtam-has-underline-anim elementor-widget__width-auto elementor-widget elementor-widget-button\" data-id=\"9c7dc17\" data-element_type=\"widget\" data-e-type=\"widget\" data-widget_type=\"button.default\">\n\t\t\t\t<div class=\"elementor-widget-container\">\n\t\t\t\t\t\t\t\t\t<div class=\"elementor-button-wrapper\">\n\t\t\t\t\t<a class=\"elementor-button elementor-button-link elementor-size-sm\" href=\"https:\/\/advizeum.com\/th\/%e0%b8%97%e0%b8%b5%e0%b8%a1%e0%b8%87%e0%b8%b2%e0%b8%99%e0%b8%82%e0%b8%ad%e0%b8%87%e0%b9%80%e0%b8%a3%e0%b8%b2\/\">\n\t\t\t\t\t\t<span class=\"elementor-button-content-wrapper\">\n\t\t\t\t\t\t\t\t\t<span class=\"elementor-button-text\">Back to Our Team<\/span>\n\t\t\t\t\t<\/span>\n\t\t\t\t\t<\/a>\n\t\t\t\t<\/div>\n\t\t\t\t\t\t\t\t<\/div>\n\t\t\t\t<\/div>\n\t\t\t\t\t<\/div>\n\t\t<\/div>\n\t\t\t\t\t<\/div>\n\t\t<\/section>\n\t\t\t\t<\/div>\n\t\t","protected":false},"excerpt":{"rendered":"<p>\u0e1c\u0e39\u0e49\u0e08\u0e31\u0e14\u0e01\u0e32\u0e23\u0e42\u0e04\u0e23\u0e07\u0e01\u0e32\u0e23<\/p>\n","protected":false},"author":1,"featured_media":991138,"parent":991115,"menu_order":0,"comment_status":"closed","ping_status":"closed","template":"","meta":{"footnotes":""},"class_list":["post-991137","page","type-page","status-publish","has-post-thumbnail","hentry"],"_links":{"self":[{"href":"https:\/\/advizeum.com\/th\/wp-json\/wp\/v2\/pages\/991137","targetHints":{"allow":["GET"]}}],"collection":[{"href":"https:\/\/advizeum.com\/th\/wp-json\/wp\/v2\/pages"}],"about":[{"href":"https:\/\/advizeum.com\/th\/wp-json\/wp\/v2\/types\/page"}],"author":[{"embeddable":true,"href":"https:\/\/advizeum.com\/th\/wp-json\/wp\/v2\/users\/1"}],"replies":[{"embeddable":true,"href":"https:\/\/advizeum.com\/th\/wp-json\/wp\/v2\/comments?post=991137"}],"version-history":[{"count":5,"href":"https:\/\/advizeum.com\/th\/wp-json\/wp\/v2\/pages\/991137\/revisions"}],"predecessor-version":[{"id":991144,"href":"https:\/\/advizeum.com\/th\/wp-json\/wp\/v2\/pages\/991137\/revisions\/991144"}],"up":[{"embeddable":true,"href":"https:\/\/advizeum.com\/th\/wp-json\/wp\/v2\/pages\/991115"}],"wp:featuredmedia":[{"embeddable":true,"href":"https:\/\/advizeum.com\/th\/wp-json\/wp\/v2\/media\/991138"}],"wp:attachment":[{"href":"https:\/\/advizeum.com\/th\/wp-json\/wp\/v2\/media?parent=991137"}],"curies":[{"name":"wp","href":"https:\/\/api.w.org\/{rel}","templated":true}]}}