{"id":991121,"date":"2023-03-25T12:04:53","date_gmt":"2023-03-25T09:04:53","guid":{"rendered":"https:\/\/advizeum.com\/%e0%b8%97%e0%b8%b5%e0%b8%a1%e0%b8%87%e0%b8%b2%e0%b8%99%e0%b8%82%e0%b8%ad%e0%b8%87%e0%b9%80%e0%b8%a3%e0%b8%b2\/emin-turan\/"},"modified":"2025-02-19T19:49:46","modified_gmt":"2025-02-19T16:49:46","slug":"%e0%b8%ad%e0%b8%b5%e0%b8%a1%e0%b8%b4%e0%b8%99-%e0%b8%95%e0%b8%b9%e0%b8%a3%e0%b8%b2%e0%b8%99","status":"publish","type":"page","link":"https:\/\/advizeum.com\/th\/%e0%b8%97%e0%b8%b5%e0%b8%a1%e0%b8%87%e0%b8%b2%e0%b8%99%e0%b8%82%e0%b8%ad%e0%b8%87%e0%b9%80%e0%b8%a3%e0%b8%b2\/%e0%b8%ad%e0%b8%b5%e0%b8%a1%e0%b8%b4%e0%b8%99-%e0%b8%95%e0%b8%b9%e0%b8%a3%e0%b8%b2%e0%b8%99\/","title":{"rendered":"\u0e2d\u0e35\u0e21\u0e34\u0e19 \u0e15\u0e39\u0e23\u0e32\u0e19"},"content":{"rendered":"\t\t<div data-elementor-type=\"wp-page\" data-elementor-id=\"991121\" class=\"elementor elementor-991121 elementor-3561\" data-elementor-post-type=\"page\">\n\t\t\t\t\t\t<section class=\"elementor-section elementor-top-section elementor-element elementor-element-1c1ede5 elementor-section-boxed elementor-section-height-default elementor-section-height-default\" data-id=\"1c1ede5\" data-element_type=\"section\" data-e-type=\"section\">\n\t\t\t\t\t\t<div class=\"elementor-container elementor-column-gap-default\">\n\t\t\t\t\t<div class=\"elementor-column elementor-col-100 elementor-top-column elementor-element elementor-element-549f3b3\" data-id=\"549f3b3\" data-element_type=\"column\" data-e-type=\"column\">\n\t\t\t<div class=\"elementor-widget-wrap elementor-element-populated\">\n\t\t\t\t\t\t<div class=\"elementor-element elementor-element-4cd8b08 elementor-widget__width-auto elementor-widget elementor-widget-heading\" data-id=\"4cd8b08\" data-element_type=\"widget\" data-e-type=\"widget\" data-widget_type=\"heading.default\">\n\t\t\t\t<div class=\"elementor-widget-container\">\n\t\t\t\t\t<span class=\"elementor-heading-title elementor-size-default\">\u0e1c\u0e39\u0e49\u0e01\u0e48\u0e2d\u0e15\u0e31\u0e49\u0e07<\/span>\t\t\t\t<\/div>\n\t\t\t\t<\/div>\n\t\t\t\t<div class=\"elementor-element elementor-element-b05c47f animated-slow elementor-invisible elementor-widget elementor-widget-heading\" data-id=\"b05c47f\" data-element_type=\"widget\" data-e-type=\"widget\" data-settings=\"{&quot;_animation&quot;:&quot;fadeIn&quot;,&quot;_animation_tablet&quot;:&quot;none&quot;}\" data-widget_type=\"heading.default\">\n\t\t\t\t<div class=\"elementor-widget-container\">\n\t\t\t\t\t<h1 class=\"elementor-heading-title elementor-size-default\">\u0e2d\u0e35\u0e21\u0e34\u0e19 \u0e15\u0e39\u0e23\u0e32\u0e19<\/h1>\t\t\t\t<\/div>\n\t\t\t\t<\/div>\n\t\t\t\t<div class=\"elementor-element elementor-element-a16eaea elementor-widget elementor-widget-spacer\" data-id=\"a16eaea\" data-element_type=\"widget\" data-e-type=\"widget\" data-widget_type=\"spacer.default\">\n\t\t\t\t<div class=\"elementor-widget-container\">\n\t\t\t\t\t\t\t<div class=\"elementor-spacer\">\n\t\t\t<div class=\"elementor-spacer-inner\"><\/div>\n\t\t<\/div>\n\t\t\t\t\t\t<\/div>\n\t\t\t\t<\/div>\n\t\t\t\t\t<\/div>\n\t\t<\/div>\n\t\t\t\t\t<\/div>\n\t\t<\/section>\n\t\t\t\t<section class=\"elementor-section elementor-top-section elementor-element elementor-element-f342073 elementor-section-boxed elementor-section-height-default elementor-section-height-default\" data-id=\"f342073\" data-element_type=\"section\" data-e-type=\"section\">\n\t\t\t\t\t\t<div class=\"elementor-container elementor-column-gap-no\">\n\t\t\t\t\t<div class=\"elementor-column elementor-col-33 elementor-top-column elementor-element elementor-element-982a406\" data-id=\"982a406\" data-element_type=\"column\" data-e-type=\"column\">\n\t\t\t<div class=\"elementor-widget-wrap elementor-element-populated\">\n\t\t\t\t\t\t<div class=\"elementor-element elementor-element-086546f elementor-widget elementor-widget-image\" data-id=\"086546f\" data-element_type=\"widget\" data-e-type=\"widget\" data-settings=\"{&quot;sticky&quot;:&quot;top&quot;,&quot;sticky_on&quot;:[&quot;desktop&quot;,&quot;tablet&quot;],&quot;sticky_offset&quot;:80,&quot;sticky_offset_tablet&quot;:120,&quot;sticky_effects_offset&quot;:80,&quot;sticky_effects_offset_tablet&quot;:70,&quot;sticky_parent&quot;:&quot;yes&quot;,&quot;sticky_anchor_link_offset&quot;:0}\" data-widget_type=\"image.default\">\n\t\t\t\t<div class=\"elementor-widget-container\">\n\t\t\t\t\t\t\t\t\t\t\t\t\t\t\t<img fetchpriority=\"high\" decoding=\"async\" width=\"750\" height=\"1920\" src=\"https:\/\/advizeum.com\/wp-content\/uploads\/2024\/12\/emin-turan-detail-page.webp\" class=\"attachment-full size-full wp-image-991122\" alt=\"\" srcset=\"https:\/\/advizeum.com\/wp-content\/uploads\/2024\/12\/emin-turan-detail-page.webp 750w, https:\/\/advizeum.com\/wp-content\/uploads\/2024\/12\/emin-turan-detail-page-117x300.webp 117w, https:\/\/advizeum.com\/wp-content\/uploads\/2024\/12\/emin-turan-detail-page-400x1024.webp 400w, https:\/\/advizeum.com\/wp-content\/uploads\/2024\/12\/emin-turan-detail-page-600x1536.webp 600w\" sizes=\"(max-width: 750px) 100vw, 750px\" \/>\t\t\t\t\t\t\t\t\t\t\t\t\t\t\t<\/div>\n\t\t\t\t<\/div>\n\t\t\t\t\t<\/div>\n\t\t<\/div>\n\t\t\t\t<div class=\"elementor-column elementor-col-66 elementor-top-column elementor-element elementor-element-15785bd\" data-id=\"15785bd\" data-element_type=\"column\" data-e-type=\"column\">\n\t\t\t<div class=\"elementor-widget-wrap elementor-element-populated\">\n\t\t\t\t\t\t<div class=\"elementor-element elementor-element-5fe169f elementor-widget elementor-widget-text-editor\" data-id=\"5fe169f\" data-element_type=\"widget\" data-e-type=\"widget\" data-widget_type=\"text-editor.default\">\n\t\t\t\t<div class=\"elementor-widget-container\">\n\t\t\t\t\t\t\t\t\t<p><strong>Emin TURAN, MD<\/strong><br \/><strong>Founder<\/strong><\/p><p>Dr. Emin Turan is a Senior Executive in Pharmaceutical and Vaccines Industry, with a broad international and corporate experience spanning over Turkey, USA, South Korea, South-East Asia, Russia, Middle East and Central Asia markets.<br \/>A Medical Doctor who further studied Business Management, he has held a broad range of roles in pharmaceutical and vaccines industry, including global corporate functions and country\/cluster management for more than 30 years.<\/p><p>He has extensive experience in Market Access, Business Development, Public Policy, Alliance Management, Technology Transfer projects, PPPs, and Joint Ventures; he is a strong advocate on such topics, speaking in many national\/international events and in meetings with authorities.<\/p><p>After graduating from the Medical School of Ege University, Emin started his career in Hoechst as Medical Advisor. He later joined Organon initially as a Product Manager and then the National Sales Manager, during which period he also obtained a Business Management degree from the joint Program of Maine University and Marmara University.<\/p><p>He joined Sanofi Pasteur in 1999 as Head of Sales and Marketing for Turkey, holding this position for four years. In 2003, he moved to corporate headquarters in the United States as Influenza Vaccines Global Franchise Leader. In 2007, he was appointed as General Manager of Korea, then moved to Bangkok as Managing Director of Thailand\/Myanmar\/Laos cluster. In 2014, he moved to Istanbul as Head of Turkey-Eurasia Zone, covering 14 countries with full strategic and operational responsibility on vaccines. From July 2020 to the end of 2024, he worked as General Manager of General Medicines and Country Lead of Sanofi Vietnam.<\/p><p>A science enthusiast, Emin has a particular interest in health literacy and promotes the value of evidence-based medicine in personal and public decision-making on public health-related topics.<\/p><p>Emin has held active roles in associations to advocate the position of the industry for business-conducive and patient-focused policies. He served as the Vice-Chairman of Pharmaceuticals Committee of the <a href=\"https:\/\/ecck.or.kr\" target=\"_blank\" rel=\"noopener noreferrer nofollow\">European Chamber of Commerce in Korea<\/a> in 2009-2010. He served two terms as the Chairman of <a href=\"https:\/\/eurochamvn.org\/pharma-group-sector-committee-2\/\" target=\"_blank\" rel=\"noopener noreferrer nofollow\">Pharma Group<\/a> in Vietnam, leading the innovative biopharma industry\u2019s policy efforts in the country for a more conducive ecosystem for the benefit of the patients.<\/p><p>Emin has been honored by a <a href=\"https:\/\/www.linkedin.com\/posts\/emin-turan-4237b7_sanofivietnam-gratitude-teamwork-activity-7215881718031949824-LWoJ\/\" target=\"_blank\" rel=\"noopener noreferrer nofollow\">Medal of Merit by the Vietnam Government<\/a> (decision 889\/QD-BHXH, June 18th, 2024) for his contributions to Social Health Security in the country. He is also the recipient of the prestigious <a href=\"https:\/\/english.thesaigontimes.vn\/dr-emin-turan-country-lead-of-sanofi-vietnam-honored-with-master-entrepreneur-award-2022\/\" target=\"_blank\" rel=\"noopener noreferrer nofollow\">Master Entrepreneur Award<\/a> in 2022 by <a href=\"https:\/\/apea.asia\/vietnam\/hall-of-fame-vn-2022\/\" target=\"_blank\" rel=\"noopener noreferrer nofollow\">Enterprise Asia<\/a>, recognizing his entrepreneurial excellence in the Healthcare, Pharmaceutical, and Biotechnology category.<\/p><p>A prominent voice for vaccine and biopharma localization in emerging markets, Emin is the lead author of the Localization Policies and Technology Transfer Section of the Turkish book on Vaccines <i><a href=\"https:\/\/www.researchgate.net\/publication\/338402722_ASI_Akademik_Endustriyel_ve_Resmi_Otorite_Yonuyle\" target=\"_blank\" rel=\"noopener noreferrer nofollow\">\u201cA\u015f\u0131: Akademik, End\u00fcstriyel ve Resmi Otorite Y\u00f6n\u00fcyle\u201d<\/a><\/i>.<\/p><p>Emin founded <a href=\"https:\/\/advizeum.com\">Advizeum Lifesciences Limited<\/a> in December 2024 to offer unique solutions on transformative growth for the business, leaders, and partnerships of Lifesciences companies with a special focus on biopharmaceuticals and vaccines.<\/p>\t\t\t\t\t\t\t\t<\/div>\n\t\t\t\t<\/div>\n\t\t\t\t<div class=\"elementor-element elementor-element-209497a elementor-shape-circle elementor-grid-3 e-grid-align-left e-grid-align-mobile-left elementor-widget__width-auto elementor-widget elementor-widget-social-icons\" data-id=\"209497a\" data-element_type=\"widget\" data-e-type=\"widget\" data-widget_type=\"social-icons.default\">\n\t\t\t\t<div class=\"elementor-widget-container\">\n\t\t\t\t\t\t\t<div class=\"elementor-social-icons-wrapper elementor-grid\" role=\"list\">\n\t\t\t\t\t\t\t<span class=\"elementor-grid-item\" role=\"listitem\">\n\t\t\t\t\t<a class=\"elementor-icon elementor-social-icon elementor-social-icon-linkedin elementor-repeater-item-c7c5b59\" href=\"https:\/\/vn.linkedin.com\/in\/emin-turan-4237b7\" target=\"_blank\" rel=\"noopener noreferrer nofollow\">\n\t\t\t\t\t\t<span class=\"elementor-screen-only\">Linkedin<\/span>\n\t\t\t\t\t\t<svg aria-hidden=\"true\" class=\"e-font-icon-svg e-fab-linkedin\" viewBox=\"0 0 448 512\" xmlns=\"http:\/\/www.w3.org\/2000\/svg\"><path d=\"M416 32H31.9C14.3 32 0 46.5 0 64.3v383.4C0 465.5 14.3 480 31.9 480H416c17.6 0 32-14.5 32-32.3V64.3c0-17.8-14.4-32.3-32-32.3zM135.4 416H69V202.2h66.5V416zm-33.2-243c-21.3 0-38.5-17.3-38.5-38.5S80.9 96 102.2 96c21.2 0 38.5 17.3 38.5 38.5 0 21.3-17.2 38.5-38.5 38.5zm282.1 243h-66.4V312c0-24.8-.5-56.7-34.5-56.7-34.6 0-39.9 27-39.9 54.9V416h-66.4V202.2h63.7v29.2h.9c8.9-16.8 30.6-34.5 62.9-34.5 67.2 0 79.7 44.3 79.7 101.9V416z\"><\/path><\/svg>\t\t\t\t\t<\/a>\n\t\t\t\t<\/span>\n\t\t\t\t\t\t\t<span class=\"elementor-grid-item\" role=\"listitem\">\n\t\t\t\t\t<a class=\"elementor-icon elementor-social-icon elementor-social-icon-instagram elementor-repeater-item-7b267b3\" href=\"https:\/\/www.instagram.com\/eminturan\/\" target=\"_blank\" rel=\"noopener noreferrer nofollow\">\n\t\t\t\t\t\t<span class=\"elementor-screen-only\">Instagram<\/span>\n\t\t\t\t\t\t<svg aria-hidden=\"true\" class=\"e-font-icon-svg e-fab-instagram\" viewBox=\"0 0 448 512\" xmlns=\"http:\/\/www.w3.org\/2000\/svg\"><path d=\"M224.1 141c-63.6 0-114.9 51.3-114.9 114.9s51.3 114.9 114.9 114.9S339 319.5 339 255.9 287.7 141 224.1 141zm0 189.6c-41.1 0-74.7-33.5-74.7-74.7s33.5-74.7 74.7-74.7 74.7 33.5 74.7 74.7-33.6 74.7-74.7 74.7zm146.4-194.3c0 14.9-12 26.8-26.8 26.8-14.9 0-26.8-12-26.8-26.8s12-26.8 26.8-26.8 26.8 12 26.8 26.8zm76.1 27.2c-1.7-35.9-9.9-67.7-36.2-93.9-26.2-26.2-58-34.4-93.9-36.2-37-2.1-147.9-2.1-184.9 0-35.8 1.7-67.6 9.9-93.9 36.1s-34.4 58-36.2 93.9c-2.1 37-2.1 147.9 0 184.9 1.7 35.9 9.9 67.7 36.2 93.9s58 34.4 93.9 36.2c37 2.1 147.9 2.1 184.9 0 35.9-1.7 67.7-9.9 93.9-36.2 26.2-26.2 34.4-58 36.2-93.9 2.1-37 2.1-147.8 0-184.8zM398.8 388c-7.8 19.6-22.9 34.7-42.6 42.6-29.5 11.7-99.5 9-132.1 9s-102.7 2.6-132.1-9c-19.6-7.8-34.7-22.9-42.6-42.6-11.7-29.5-9-99.5-9-132.1s-2.6-102.7 9-132.1c7.8-19.6 22.9-34.7 42.6-42.6 29.5-11.7 99.5-9 132.1-9s102.7-2.6 132.1 9c19.6 7.8 34.7 22.9 42.6 42.6 11.7 29.5 9 99.5 9 132.1s2.7 102.7-9 132.1z\"><\/path><\/svg>\t\t\t\t\t<\/a>\n\t\t\t\t<\/span>\n\t\t\t\t\t\t\t<span class=\"elementor-grid-item\" role=\"listitem\">\n\t\t\t\t\t<a class=\"elementor-icon elementor-social-icon elementor-social-icon-envelope elementor-repeater-item-df05658\" href=\"mailto:e.turan@advizeum.com\" target=\"_blank\">\n\t\t\t\t\t\t<span class=\"elementor-screen-only\">Envelope<\/span>\n\t\t\t\t\t\t<svg aria-hidden=\"true\" class=\"e-font-icon-svg e-fas-envelope\" viewBox=\"0 0 512 512\" xmlns=\"http:\/\/www.w3.org\/2000\/svg\"><path d=\"M502.3 190.8c3.9-3.1 9.7-.2 9.7 4.7V400c0 26.5-21.5 48-48 48H48c-26.5 0-48-21.5-48-48V195.6c0-5 5.7-7.8 9.7-4.7 22.4 17.4 52.1 39.5 154.1 113.6 21.1 15.4 56.7 47.8 92.2 47.6 35.7.3 72-32.8 92.3-47.6 102-74.1 131.6-96.3 154-113.7zM256 320c23.2.4 56.6-29.2 73.4-41.4 132.7-96.3 142.8-104.7 173.4-128.7 5.8-4.5 9.2-11.5 9.2-18.9v-19c0-26.5-21.5-48-48-48H48C21.5 64 0 85.5 0 112v19c0 7.4 3.4 14.3 9.2 18.9 30.6 23.9 40.7 32.4 173.4 128.7 16.8 12.2 50.2 41.8 73.4 41.4z\"><\/path><\/svg>\t\t\t\t\t<\/a>\n\t\t\t\t<\/span>\n\t\t\t\t\t<\/div>\n\t\t\t\t\t\t<\/div>\n\t\t\t\t<\/div>\n\t\t\t\t<div class=\"vamtam-has-theme-widget-styles elementor-element elementor-element-45531a4 vamtam-has-underline-anim elementor-widget__width-auto elementor-widget elementor-widget-button\" data-id=\"45531a4\" data-element_type=\"widget\" data-e-type=\"widget\" data-widget_type=\"button.default\">\n\t\t\t\t<div class=\"elementor-widget-container\">\n\t\t\t\t\t\t\t\t\t<div class=\"elementor-button-wrapper\">\n\t\t\t\t\t<a class=\"elementor-button elementor-button-link elementor-size-sm\" href=\"https:\/\/advizeum.com\/th\/%e0%b8%97%e0%b8%b5%e0%b8%a1%e0%b8%87%e0%b8%b2%e0%b8%99%e0%b8%82%e0%b8%ad%e0%b8%87%e0%b9%80%e0%b8%a3%e0%b8%b2\/\">\n\t\t\t\t\t\t<span class=\"elementor-button-content-wrapper\">\n\t\t\t\t\t\t\t\t\t<span class=\"elementor-button-text\">Back to Our Team<\/span>\n\t\t\t\t\t<\/span>\n\t\t\t\t\t<\/a>\n\t\t\t\t<\/div>\n\t\t\t\t\t\t\t\t<\/div>\n\t\t\t\t<\/div>\n\t\t\t\t\t<\/div>\n\t\t<\/div>\n\t\t\t\t\t<\/div>\n\t\t<\/section>\n\t\t\t\t<\/div>\n\t\t","protected":false},"excerpt":{"rendered":"<p>\u0e1c\u0e39\u0e49\u0e01\u0e48\u0e2d\u0e15\u0e31\u0e49\u0e07<\/p>\n","protected":false},"author":1,"featured_media":991123,"parent":991115,"menu_order":0,"comment_status":"closed","ping_status":"closed","template":"","meta":{"footnotes":""},"class_list":["post-991121","page","type-page","status-publish","has-post-thumbnail","hentry"],"_links":{"self":[{"href":"https:\/\/advizeum.com\/th\/wp-json\/wp\/v2\/pages\/991121","targetHints":{"allow":["GET"]}}],"collection":[{"href":"https:\/\/advizeum.com\/th\/wp-json\/wp\/v2\/pages"}],"about":[{"href":"https:\/\/advizeum.com\/th\/wp-json\/wp\/v2\/types\/page"}],"author":[{"embeddable":true,"href":"https:\/\/advizeum.com\/th\/wp-json\/wp\/v2\/users\/1"}],"replies":[{"embeddable":true,"href":"https:\/\/advizeum.com\/th\/wp-json\/wp\/v2\/comments?post=991121"}],"version-history":[{"count":5,"href":"https:\/\/advizeum.com\/th\/wp-json\/wp\/v2\/pages\/991121\/revisions"}],"predecessor-version":[{"id":991128,"href":"https:\/\/advizeum.com\/th\/wp-json\/wp\/v2\/pages\/991121\/revisions\/991128"}],"up":[{"embeddable":true,"href":"https:\/\/advizeum.com\/th\/wp-json\/wp\/v2\/pages\/991115"}],"wp:featuredmedia":[{"embeddable":true,"href":"https:\/\/advizeum.com\/th\/wp-json\/wp\/v2\/media\/991123"}],"wp:attachment":[{"href":"https:\/\/advizeum.com\/th\/wp-json\/wp\/v2\/media?parent=991121"}],"curies":[{"name":"wp","href":"https:\/\/api.w.org\/{rel}","templated":true}]}}